{"id":564,"date":"2015-10-23T15:21:38","date_gmt":"2015-10-23T13:21:38","guid":{"rendered":"https:\/\/marhythe-systems.de\/?page_id=564"},"modified":"2018-08-03T16:54:19","modified_gmt":"2018-08-03T14:54:19","slug":"presse","status":"publish","type":"page","link":"https:\/\/marhythe-systems.de\/en\/presse\/","title":{"rendered":"Presse"},"content":{"rendered":"<p>Auf dieser Seite finden Sie Pressemitteilungen und k\u00f6nnen als Journalist Bilder zum Download &#8211; in Druckqualit\u00e4t (300 dpi) und f\u00fcrs Internet (72 dpi) anfordern. Sie k\u00f6nnen sich in unseren Presseverteiler eintragen oder auch direkt mit uns Kontakt aufnehmen. Im Bereich Pressespiegel sehen Sie einige bereits ver\u00f6ffentlichte Artikel aus der Fach- und Publikumspresse.<\/p>\n<div class='content-column one_third'><div class=\"divider\"><\/div>\n<div class=\"presse\"><a href=\"https:\/\/marhythe-systems.de\/presse\/pressemitteilungen\/\">Pressemitteilungen<\/a><\/div>\n<div class=\"divider\"><\/div>\n<div class=\"presse\"><a href=\"https:\/\/marhythe-systems.de\/forschung-und-fortbildung\/veroeffentlichungen\/\">Pressespiegel<\/a><\/div>\n<div class=\"divider\"><\/div>\n<div class=\"presse\"><a href=\"https:\/\/marhythe-systems.de\/pressekontakt\/\">Ansprechpartner<\/a><\/div>\n<div class=\"divider\"><\/div><\/div><div class='content-column one_third'><div class=\"divider\"><\/div>\n<div class=\"presse\"><a href=\"https:\/\/marhythe-systems.de\/presse\/presseverteiler\/\">Presseverteiler<\/a><\/div>\n<div class=\"divider\"><\/div>\n<div class=\"presse\"><\/div>\n<div class=\"presse\"><a href=\"https:\/\/marhythe-systems.de\/logo-zum-download\/\">Logo zum Download<\/a><\/div>\n<div class=\"divider\"><\/div><\/div><div class='content-column one_third last_column'><div class=\"divider\"><\/div>\n<div class=\"presse\"><a href=\"https:\/\/marhythe-systems.de\/presse\/videomaterial\/\">Videomaterial<\/a><\/div>\n<div class=\"divider\"><\/div>\n<div class=\"presse\"><a href=\"mailto:petra.winter@marhythe-systems.de?subject=Presse-Fotos&amp;body=Bitte geben Sie Besonderheiten zu gew\u00fcnschten Bildern sowie Ihren Namen und Ihre Kontaktdaten f\u00fcr R\u00fcckfragen an.\">Honorarfreie Fotos anfordern<\/a><\/div>\n<div class=\"divider\"><\/div><\/div><div class='clear_column'><\/div><\/p>\n<h2>Aktuelle Pressemitteilungen:<\/h2>\n<h3>Zwanzig Jahre Matrix-Rhythmus-Therapie<br \/>\nMatrixmobil\u00ae aus Bayern \u2013 der Hidden Champion f\u00fcr Medizinische Dienstleister<a href=\"https:\/\/marhythe-systems.de\/wp-content\/uploads\/Danke_fuer_20_Jahre_MaRhyThe.jpg\"><img loading=\"lazy\" decoding=\"async\" class=\"size-medium wp-image-1546 alignright\" src=\"https:\/\/marhythe-systems.de\/wp-content\/uploads\/Danke_fuer_20_Jahre_MaRhyThe-240x122.jpg\" alt=\"\" width=\"240\" height=\"122\" srcset=\"https:\/\/marhythe-systems.de\/wp-content\/uploads\/Danke_fuer_20_Jahre_MaRhyThe-240x122.jpg 240w, https:\/\/marhythe-systems.de\/wp-content\/uploads\/Danke_fuer_20_Jahre_MaRhyThe-768x390.jpg 768w, https:\/\/marhythe-systems.de\/wp-content\/uploads\/Danke_fuer_20_Jahre_MaRhyThe.jpg 800w\" sizes=\"auto, (max-width: 240px) 100vw, 240px\" \/><\/a><br \/>\n<strong><br \/>\n<\/strong><\/h3>\n<p>Die Firma MaRhyThe Systems GmbH &amp; Co KG in Gr\u00f6benzell feiert ihr 20j\u00e4hriges Firmenjubil\u00e4um. Das Familienunternehmen wurde am 27.07.1998 gegr\u00fcndet mit dem Ziel die Matrix-Rhythmus-Therapie, die einen vollkommen neuen Ansatz bei Mikrozirkulationsst\u00f6rungen im Bewegungssystem bietet, vielen Therapeuten nahezubringen.<\/p>\n<p>PDF-Datei:<br \/>\n<a href=\"https:\/\/marhythe-systems.de\/wp-content\/uploads\/Pressemitteilung-20-Jahre-MaRhyThe-Systems.pdf\" target=\"_blank\" rel=\"noopener\">Pressemitteilung 20 Jahre MaRhyThe Systems (pdf)<\/a><\/p>\n<p>Word-Datei:<br \/>\n<a href=\"https:\/\/marhythe-systems.de\/wp-content\/uploads\/Pressemitteilung-20-Jahre-MaRhyThe-Systems.doc\" target=\"_blank\" rel=\"noopener\">Pressemitteilung 20 Jahre MaRhyThe Systems (doc)<\/a><\/p>\n<p>&nbsp;<\/p>\n<div class=\"divider\"><\/div>\n<h3><strong>Voll im Leben trotz Multipler Sklerose &#8211; Ein Erfahrungsbericht, 12.09.2017<br \/>\n<\/strong><\/h3>\n<p>Erfahrungsbericht eines Betroffenen, der trotz der Diagnose MS im Jahr 2000 immer noch seinen Beruf aus\u00fcbt und sogar beweglicher wird.<\/p>\n<p><em>&#8220;&#8230;Die Gehstrecke hat sich verbessert, von f\u00fcnf Meter auf zwanzig Meter. Dies und die verbesserte Beweglichkeit erleichtern den Alltag (K\u00fcche, Wohnzimmer, Toilette). Trotz der Krankheit gewinne ich nach und nach mehr Eigenst\u00e4ndigkeit und Menschlichkeit zur\u00fcck&#8230;&#8221;<\/em><\/p>\n<p>PDF-Datei:<br \/>\n<a href=\"https:\/\/marhythe-systems.de\/wp-content\/uploads\/Voll-im-Leben-trotz-Multipler-Sklerose-Erfahrungsbericht_2017-09-12.pdf\" target=\"_blank\" rel=\"noopener noreferrer\">Voll im Leben trotz Multipler Sklerose (pdf)<\/a><\/p>\n<p>Word-Datei:<br \/>\n<a href=\"https:\/\/marhythe-systems.de\/wp-content\/uploads\/Voll-im-Leben-trotz-Multipler-Sklerose-Erfahrungsbericht_2017-09-12.doc\" target=\"_blank\" rel=\"noopener noreferrer\">Voll im Leben trotz Multipler Sklerose (doc)<\/a><\/p>\n<p>&nbsp;<\/p>\n<div class=\"divider\"><\/div>\n<h3>Kombination Spiraldynamik<sup>\u00ae<\/sup> und Matrix-Rhythmus-Therapie (MaRhyThe<sup>\u00ae<\/sup>) im Spitzensport<strong><br \/>\n<\/strong><\/h3>\n<p><img loading=\"lazy\" decoding=\"async\" class=\"size-medium wp-image-1073 alignright\" src=\"https:\/\/marhythe-systems.de\/wp-content\/uploads\/Alain-Knuser_c_Roger-Schaffner-176x240.jpg\" alt=\"\" width=\"176\" height=\"240\" srcset=\"https:\/\/marhythe-systems.de\/wp-content\/uploads\/Alain-Knuser_c_Roger-Schaffner-176x240.jpg 176w, https:\/\/marhythe-systems.de\/wp-content\/uploads\/Alain-Knuser_c_Roger-Schaffner.jpg 588w\" sizes=\"auto, (max-width: 176px) 100vw, 176px\" \/>Gelungener Wiedereinstieg in den Spitzensport: Patientenbericht von Alain Knuser, Bob-Anschieber im Team von Clemens Bracher, Schweiz, der von Barbara Eichenberger-Wiezel eine Woche lang in Kombination behandelt wurde und leistungsf\u00e4hig und schmerzfrei zu den Wettk\u00e4mpfen nach St. Moritz fahren konnte.<\/p>\n<p>PDF-Datei:<br \/>\n<a href=\"https:\/\/marhythe-systems.de\/wp-content\/uploads\/Kombination-Spiraldynamik-mit-Matrix-Rhythmus-Therapie-Patientenbericht-Spitzensport.pdf\" target=\"_blank\" rel=\"noopener noreferrer\">Kombination Spiraldynamik<sup>\u00ae<\/sup> und MaRhyThe<sup>\u00ae<\/sup> im Spitzensport (pdf)<\/a><\/p>\n<p>Word-Datei:<br \/>\n<a href=\"https:\/\/marhythe-systems.de\/wp-content\/uploads\/Kombination-Spiraldynamik-mit-Matrix-Rhythmus-Therapie-Patientenbericht-Spitzensport.doc\" target=\"_blank\" rel=\"noopener noreferrer\">Kombination Spiraldynamik<sup>\u00ae<\/sup> und MaRhyThe<sup>\u00ae<\/sup> im Spitzensport (doc)<\/a><\/p>\n<p>&nbsp;<\/p>\n<div class=\"divider\"><\/div>\n<h3>Fallbeispiel von Dr. med Rupert Lebmeier:<br \/>\nMatrix-Rhythmus-Therapie und Osteopathie &#8211; Der Schiefe Hals<\/h3>\n<p><img loading=\"lazy\" decoding=\"async\" class=\" wp-image-1074 alignright\" src=\"https:\/\/marhythe-systems.de\/wp-content\/uploads\/Dr_Rupert_Lebmeier-240x160.jpg\" alt=\"\" width=\"243\" height=\"162\" srcset=\"https:\/\/marhythe-systems.de\/wp-content\/uploads\/Dr_Rupert_Lebmeier-240x160.jpg 240w, https:\/\/marhythe-systems.de\/wp-content\/uploads\/Dr_Rupert_Lebmeier-768x512.jpg 768w, https:\/\/marhythe-systems.de\/wp-content\/uploads\/Dr_Rupert_Lebmeier.jpg 800w\" sizes=\"auto, (max-width: 243px) 100vw, 243px\" \/>Dr. med. Rupert Lebmeier hat es in seiner Praxis oft mit sogenannten austherapierten F\u00e4llen zu tun. In diesem Fall geht es um eine Frau mit Schiefhals mit einer langen Therapiegeschichte: Craniomandibul\u00e4re Dysfunktion, Fehlstellung des Unterkiefers, Fehlfunktion der Rippen, verh\u00e4rtete Halsmuskulatur. Der Fall ist ein gelungenes Beispiel f\u00fcr Patienten, die sich mit der Diagnose \u201eaustherapiert\u201c nicht zufriedengeben. Der Behandlungszeitraum erstreckte sich \u00fcber sieben Monate. Die Eigenleistung der Patientin war vorbildlich. Die Patientin war bereit sich vor Beginn der Behandlung Zahn-Brackets entfernen zu lassen und nahm w\u00f6chentlich 180 Fahrkilometer auf sich.<\/p>\n<p>PDF-Datei:<br \/>\n<a href=\"https:\/\/marhythe-systems.de\/wp-content\/uploads\/Matrix-Rhythmus-Therapie-und-Osteopathie_Der-Schiefe-Hals_DrLebmeier.pdf\" target=\"_blank\" rel=\"noopener noreferrer\">MaRhyThe und Osteopathie &#8211; Der schiefe Hals (pdf)<\/a><\/p>\n<p>Word-Datei:<br \/>\n<a href=\"https:\/\/marhythe-systems.de\/wp-content\/uploads\/Matrix-Rhythmus-Therapie-und-Osteopathie_Der-Schiefe-Hals_DrLebmeier.doc\" target=\"_blank\" rel=\"noopener noreferrer\">MaRhyThe und Osteopathie &#8211; Der schiefe Hals (doc)<\/a><\/p>\n<div class=\"divider\"><\/div>\n<h3>Sponsoring: Auf dem Weg zum Profi<br \/>\nEin Matrixmobil f\u00fcr den Triathleten Hendrik Becker<\/h3>\n<p><img loading=\"lazy\" decoding=\"async\" class=\"size-medium wp-image-1103 alignright\" src=\"https:\/\/marhythe-systems.de\/wp-content\/uploads\/drachentriathlon-winner-240x160.jpeg\" alt=\"\" width=\"240\" height=\"160\" srcset=\"https:\/\/marhythe-systems.de\/wp-content\/uploads\/drachentriathlon-winner-240x160.jpeg 240w, https:\/\/marhythe-systems.de\/wp-content\/uploads\/drachentriathlon-winner-768x512.jpeg 768w, https:\/\/marhythe-systems.de\/wp-content\/uploads\/drachentriathlon-winner.jpeg 800w\" sizes=\"auto, (max-width: 240px) 100vw, 240px\" \/>\u201eTriathlon ist kein Sport, sondern eine Lebenseinstellung, die s\u00fcchtig macht\u201c, sagt der Triathlet Hendrik Becker. In den vergangenen 17 Jahren ist er 13.000 Kilometer geschwommen, hat 180.000 Kilometer mit dem Rad zur\u00fcckgelegt und ist 45.000 Kilometer gelaufen. Seine Muskeln, B\u00e4nder und Sehnen haben jetzt einen starken Partner an seiner Seite: Er wird unterst\u00fctzt mit einem Matrixmobil und Behandlungen bei Dr. Randoll und Team im Matrix Center M\u00fcnchen. Das Matrixmobil, das Therapieger\u00e4t zur Matrix-Rhythmus-Therapie unterst\u00fctzt seit 19 Jahren Spitzensportler und Breitensportler pr\u00e4ventiv und regenerativ.<\/p>\n<p>PDF-Datei:<br \/>\n<a href=\"https:\/\/marhythe-systems.de\/wp-content\/uploads\/Sponsoring-ein-Matrixmobil-f\u00fcr-Hendrik-Becker-auf-dem-Weg-zum-Profi.pdf\" target=\"_blank\" rel=\"noopener noreferrer\">Ein Matrixmobil unterst\u00fctzt den Triathleten Hendrik Becker (pdf)<\/a><\/p>\n<p>Word-Datei:<br \/>\n<a href=\"https:\/\/marhythe-systems.de\/wp-content\/uploads\/Sponsoring-ein-Matrixmobil-f\u00fcr-Hendrik-Becker-auf-dem-Weg-zum-Profi.doc\" target=\"_blank\" rel=\"noopener noreferrer\">Ein Matrixmobil unterst\u00fctzt den Triathleten Hendrik Becker (doc)<\/a><\/p>\n<div class=\"divider\"><\/div>\n<h3>Interview mit Prof. Thomas Wolf<\/h3>\n<p><img loading=\"lazy\" decoding=\"async\" class=\"alignright size-medium wp-image-1111\" src=\"https:\/\/marhythe-systems.de\/wp-content\/uploads\/Prof_Thomas_Wolf-230x240.jpg\" alt=\"\" width=\"230\" height=\"240\" srcset=\"https:\/\/marhythe-systems.de\/wp-content\/uploads\/Prof_Thomas_Wolf-230x240.jpg 230w, https:\/\/marhythe-systems.de\/wp-content\/uploads\/Prof_Thomas_Wolf.jpg 536w\" sizes=\"auto, (max-width: 230px) 100vw, 230px\" \/>Innovationen in der Physiotherapie &#8211; Hochschule Fresenius nimmt die Matrix-Rhythmus-Therapie in den Lehrplan auf.<\/p>\n<p>PDF-Datei:<br \/>\n<a href=\"https:\/\/marhythe-systems.de\/wp-content\/uploads\/Innovationen-in-der-Physiotherapie-Hochschule-Fresenius-nimmt-die-Matrix-Rhythmus-Therapie-in-den-Lehrplan-auf.pdf\" target=\"_blank\" rel=\"noopener noreferrer\">Innovationen in der Physiotherapie &#8211; MaRhyThe im Lehrplan (pdf)<\/a><\/p>\n<p>Word-Datei:<br \/>\n<a href=\"https:\/\/marhythe-systems.de\/wp-content\/uploads\/Innovationen-in-der-Physiotherapie-Hochschule-Fresenius-nimmt-die-Matrix-Rhythmus-Therapie-in-den-Lehrplan-auf.doc\" target=\"_blank\" rel=\"noopener noreferrer\">Innovationen in der Physiotherapie &#8211; MaRhyThe im Lehrplan (doc)<\/a><\/p>\n","protected":false},"excerpt":{"rendered":"<p>Auf dieser Seite finden Sie Pressemitteilungen und k\u00f6nnen als Journalist Bilder zum Download &#8211; in Druckqualit\u00e4t (300 dpi) und f\u00fcrs Internet (72 dpi) anfordern. Sie k\u00f6nnen sich in unseren Presseverteiler eintragen oder auch direkt mit uns Kontakt aufnehmen. Im Bereich Pressespiegel sehen Sie einige bereits ver\u00f6ffentlichte Artikel aus der Fach- und Publikumspresse. Aktuelle Pressemitteilungen: Zwanzig [&hellip;]<\/p>\n","protected":false},"author":8,"featured_media":0,"parent":0,"menu_order":0,"comment_status":"closed","ping_status":"closed","template":"","meta":{"footnotes":""},"class_list":["post-564","page","type-page","status-publish","hentry"],"translation":{"provider":"WPGlobus","version":"3.0.2","language":"en","enabled_languages":["de","en"],"languages":{"de":{"title":true,"content":true,"excerpt":false},"en":{"title":false,"content":false,"excerpt":false}}},"_links":{"self":[{"href":"https:\/\/marhythe-systems.de\/en\/wp-json\/wp\/v2\/pages\/564","targetHints":{"allow":["GET"]}}],"collection":[{"href":"https:\/\/marhythe-systems.de\/en\/wp-json\/wp\/v2\/pages"}],"about":[{"href":"https:\/\/marhythe-systems.de\/en\/wp-json\/wp\/v2\/types\/page"}],"author":[{"embeddable":true,"href":"https:\/\/marhythe-systems.de\/en\/wp-json\/wp\/v2\/users\/8"}],"replies":[{"embeddable":true,"href":"https:\/\/marhythe-systems.de\/en\/wp-json\/wp\/v2\/comments?post=564"}],"version-history":[{"count":21,"href":"https:\/\/marhythe-systems.de\/en\/wp-json\/wp\/v2\/pages\/564\/revisions"}],"predecessor-version":[{"id":1547,"href":"https:\/\/marhythe-systems.de\/en\/wp-json\/wp\/v2\/pages\/564\/revisions\/1547"}],"wp:attachment":[{"href":"https:\/\/marhythe-systems.de\/en\/wp-json\/wp\/v2\/media?parent=564"}],"curies":[{"name":"wp","href":"https:\/\/api.w.org\/{rel}","templated":true}]}}