{"id":5503,"date":"2025-11-14T10:49:11","date_gmt":"2025-11-14T09:49:11","guid":{"rendered":"https:\/\/marhythe-systems.de\/?page_id=5503"},"modified":"2026-02-13T23:21:04","modified_gmt":"2026-02-13T22:21:04","slug":"matrix-center","status":"publish","type":"page","link":"https:\/\/marhythe-systems.de\/en\/matrix-center\/","title":{"rendered":"Matrix Center"},"content":{"rendered":"\n<p>Schulungs- und Kompetenzzentren f\u00fcr die Matrix-Rhythmus-Therapie nach Dr. Randoll\u00ae.<\/p>\n\n\n\n<figure class=\"wp-block-image size-full is-resized\"><a href=\"https:\/\/marhythe-systems.de\/wp-content\/uploads\/Uebersicht-Matrix-Center-2026-02-13.pdf\" target=\"_blank\" rel=\" noreferrer noopener\"><img loading=\"lazy\" decoding=\"async\" width=\"1394\" height=\"1441\" src=\"https:\/\/marhythe-systems.de\/wp-content\/uploads\/Matrix-Center-DACH-Region_2026-02-13.jpg\" alt=\"Landkarte Matrix Center \u00dcbersicht DACH-Region\" class=\"wp-image-5644\" style=\"width:564px;height:auto\" srcset=\"https:\/\/marhythe-systems.de\/wp-content\/uploads\/Matrix-Center-DACH-Region_2026-02-13.jpg 1394w, https:\/\/marhythe-systems.de\/wp-content\/uploads\/Matrix-Center-DACH-Region_2026-02-13-232x240.jpg 232w, https:\/\/marhythe-systems.de\/wp-content\/uploads\/Matrix-Center-DACH-Region_2026-02-13-991x1024.jpg 991w, https:\/\/marhythe-systems.de\/wp-content\/uploads\/Matrix-Center-DACH-Region_2026-02-13-768x794.jpg 768w\" sizes=\"auto, (max-width: 1394px) 100vw, 1394px\" \/><\/a><\/figure>\n\n\n\n<h2 class=\"wp-block-heading\">Lernen, verstehen, anwenden \u2013 direkt vor Ort<\/h2>\n\n\n\n<p>Die Matrix-Rhythmus-Therapie lebt von Erfahrung, Beobachtung und Resonanz.<br>Wenn Sie die Methode kennenlernen und in Ihrer Praxis einsetzen m\u00f6chten, k\u00f6nnen Sie sich die Matrix-Rhythmus-Therapie in einem unserer <strong>Matrix Center<\/strong> ausprobieren und sich auch 1:1 schulen lassen.<\/p>\n\n\n\n<p>Hier vermitteln erfahrene Therapeut:innen die Grundlagen, Anwendung und Philosophie der Therapie \u2013 praxisnah und pers\u00f6nlich, direkt in ihrer Einrichtung.<\/p>\n\n\n\n<p><strong>Sie erleben die Methode dort, wo sie t\u00e4glich angewendet wird \u2013 in echter Praxissituation.<\/strong><\/p>\n\n\n\n<h2 class=\"wp-block-heading\">Matrix Center in Ihrer N\u00e4he<\/h2>\n\n\n\n<p>Die Matrix Center sind \u00fcber Deutschland, \u00d6sterreich und die Schweiz verteilt.<br>Finden Sie hier ein Matrix Center in Ihrer N\u00e4he und nehmen Sie direkt Kontakt auf:<\/p>\n\n\n\n<p><a href=\"https:\/\/marhythe-systems.de\/wp-content\/uploads\/Uebersicht-Matrix-Center-2026-02-13.pdf\" data-type=\"link\" data-id=\"https:\/\/marhythe-systems.de\/wp-content\/uploads\/Uebersicht-Matrix-Center-November2025.pdf\" target=\"_blank\" rel=\"noreferrer noopener\"><strong>Zur \u00dcbersichtkarte<\/strong> >>><\/a><\/p>\n\n\n\n<p><\/p>\n","protected":false},"excerpt":{"rendered":"<p>Schulungs- und Kompetenzzentren f\u00fcr die Matrix-Rhythmus-Therapie nach Dr. Randoll\u00ae. Lernen, verstehen, anwenden \u2013 direkt vor Ort Die Matrix-Rhythmus-Therapie lebt von Erfahrung, Beobachtung und Resonanz.Wenn Sie die Methode kennenlernen und in Ihrer Praxis einsetzen m\u00f6chten, k\u00f6nnen Sie sich die Matrix-Rhythmus-Therapie in einem unserer Matrix Center ausprobieren und sich auch 1:1 schulen lassen. Hier vermitteln erfahrene Therapeut:innen [&hellip;]<\/p>\n","protected":false},"author":4,"featured_media":0,"parent":0,"menu_order":0,"comment_status":"closed","ping_status":"closed","template":"","meta":{"footnotes":""},"class_list":["post-5503","page","type-page","status-publish","hentry"],"translation":{"provider":"WPGlobus","version":"3.0.2","language":"en","enabled_languages":["de","en"],"languages":{"de":{"title":true,"content":true,"excerpt":false},"en":{"title":false,"content":false,"excerpt":false}}},"_links":{"self":[{"href":"https:\/\/marhythe-systems.de\/en\/wp-json\/wp\/v2\/pages\/5503","targetHints":{"allow":["GET"]}}],"collection":[{"href":"https:\/\/marhythe-systems.de\/en\/wp-json\/wp\/v2\/pages"}],"about":[{"href":"https:\/\/marhythe-systems.de\/en\/wp-json\/wp\/v2\/types\/page"}],"author":[{"embeddable":true,"href":"https:\/\/marhythe-systems.de\/en\/wp-json\/wp\/v2\/users\/4"}],"replies":[{"embeddable":true,"href":"https:\/\/marhythe-systems.de\/en\/wp-json\/wp\/v2\/comments?post=5503"}],"version-history":[{"count":15,"href":"https:\/\/marhythe-systems.de\/en\/wp-json\/wp\/v2\/pages\/5503\/revisions"}],"predecessor-version":[{"id":5645,"href":"https:\/\/marhythe-systems.de\/en\/wp-json\/wp\/v2\/pages\/5503\/revisions\/5645"}],"wp:attachment":[{"href":"https:\/\/marhythe-systems.de\/en\/wp-json\/wp\/v2\/media?parent=5503"}],"curies":[{"name":"wp","href":"https:\/\/api.w.org\/{rel}","templated":true}]}}