{"id":5412,"date":"2025-08-31T09:58:11","date_gmt":"2025-08-31T07:58:11","guid":{"rendered":"https:\/\/marhythe-systems.de\/?page_id=5412"},"modified":"2025-10-31T12:48:13","modified_gmt":"2025-10-31T11:48:13","slug":"qs24tv-wikisana","status":"publish","type":"page","link":"https:\/\/marhythe-systems.de\/en\/qs24tv-wikisana\/","title":{"rendered":"QS24tv-Wikisana"},"content":{"rendered":"\n<div style=\"height:60px\" aria-hidden=\"true\" class=\"wp-block-spacer\"><\/div>\n\n\n<div class=\"wp-block-image\">\n<figure class=\"aligncenter size-large\"><a href=\"https:\/\/marhythe-systems.de\"><img loading=\"lazy\" decoding=\"async\" width=\"1024\" height=\"225\" src=\"https:\/\/marhythe-systems.de\/wp-content\/uploads\/MaRhyThe-copyright-Logo-1-1024x225.jpg\" alt=\"\" class=\"wp-image-2721\" srcset=\"https:\/\/marhythe-systems.de\/wp-content\/uploads\/MaRhyThe-copyright-Logo-1-1024x225.jpg 1024w, https:\/\/marhythe-systems.de\/wp-content\/uploads\/MaRhyThe-copyright-Logo-1-240x53.jpg 240w, https:\/\/marhythe-systems.de\/wp-content\/uploads\/MaRhyThe-copyright-Logo-1-768x169.jpg 768w, https:\/\/marhythe-systems.de\/wp-content\/uploads\/MaRhyThe-copyright-Logo-1.jpg 1181w\" sizes=\"auto, (max-width: 1024px) 100vw, 1024px\" \/><\/a><\/figure>\n<\/div>\n\n\n<div style=\"height:24px\" aria-hidden=\"true\" class=\"wp-block-spacer\"><\/div>\n\n\n<div class=\"pagewidth\" style=\"max-width: 1200px;\">\n\n\n\n<div class=\"wp-block-group alignwide\"><div class=\"wp-block-group__inner-container is-layout-flow wp-block-group-is-layout-flow\">\n<p class=\"has-text-align-center has-white-color has-vivid-red-background-color has-text-color has-background\" style=\"font-size:53px\">Infos &amp; aktuelle Angebote f\u00fcr wikiSana Mitglieder<\/p>\n\n\n\n<div class=\"wp-block-columns is-layout-flex wp-container-core-columns-is-layout-9d6595d7 wp-block-columns-is-layout-flex\"><\/div>\n\n\n\n<div class=\"wp-block-columns alignwide is-layout-flex wp-container-core-columns-is-layout-9d6595d7 wp-block-columns-is-layout-flex\">\n<div class=\"wp-block-column is-layout-flow wp-block-column-is-layout-flow\">\n<figure class=\"wp-block-image size-full\"><img loading=\"lazy\" decoding=\"async\" width=\"2540\" height=\"1693\" src=\"https:\/\/marhythe-systems.de\/wp-content\/uploads\/Online-Netzwerk-Treffen-mit-Dr.-Randoll_Wikisana.png\" alt=\"\" class=\"wp-image-5465\" srcset=\"https:\/\/marhythe-systems.de\/wp-content\/uploads\/Online-Netzwerk-Treffen-mit-Dr.-Randoll_Wikisana.png 2540w, https:\/\/marhythe-systems.de\/wp-content\/uploads\/Online-Netzwerk-Treffen-mit-Dr.-Randoll_Wikisana-240x160.png 240w, https:\/\/marhythe-systems.de\/wp-content\/uploads\/Online-Netzwerk-Treffen-mit-Dr.-Randoll_Wikisana-1024x683.png 1024w, https:\/\/marhythe-systems.de\/wp-content\/uploads\/Online-Netzwerk-Treffen-mit-Dr.-Randoll_Wikisana-768x512.png 768w, https:\/\/marhythe-systems.de\/wp-content\/uploads\/Online-Netzwerk-Treffen-mit-Dr.-Randoll_Wikisana-1536x1024.png 1536w, https:\/\/marhythe-systems.de\/wp-content\/uploads\/Online-Netzwerk-Treffen-mit-Dr.-Randoll_Wikisana-2048x1365.png 2048w\" sizes=\"auto, (max-width: 2540px) 100vw, 2540px\" \/><\/figure>\n\n\n\n<h2 class=\"wp-block-heading has-medium-font-size\">Online Netzwerk-Treffen: Einblick in die Praxis<\/h2>\n\n\n\n<p>10 x Gutscheine f\u00fcr wikiSana Mitglieder<\/p>\n\n\n\n<p class=\"has-medium-font-size\">Teilnahme an einem Online-Netzwerk-Treffen mit Dr. Ulrich Randoll.<\/p>\n\n\n\n<p class=\"has-medium-font-size\"><strong>&#8220;Das Leben besteht aus Prozessen. Symptome sind Prozessentgleisungen. Verstehen wir die Prozesse des Entstehens, k\u00f6nnen wir Therapien entwickeln.&#8221;<\/strong> sagt Dr. med. Ulrich Randoll. Der Begr\u00fcnder der Matrix-Rhythmus-Therapie.<\/p>\n\n\n\n<p class=\"has-medium-font-size\">Regelm\u00e4\u00dfig findet ein Online- Treffen mit Dr. Randoll sowie weiteren Anwendern, die die Matrix-Rhythmus-Therapie in ihre Praxis integriert haben, statt.<\/p>\n\n\n\n<ul class=\"wp-block-list\">\n<li class=\"has-medium-font-size\">Einblick in die Praxis<\/li>\n\n\n\n<li class=\"has-medium-font-size\">Fallbeispiele, Anwendungs-M\u00f6glichkeiten<\/li>\n\n\n\n<li class=\"has-medium-font-size\">Fragen &amp; Antworten<\/li>\n<\/ul>\n\n\n\n<p class=\"has-medium-font-size\">Scheiben Sie uns eine E-Mail an info(at)marhythe-systems.de und sagen Sie, dass Sie beim n\u00e4chsten Online-Netzwerk-Treffen dabei sein m\u00f6chten (Betreff: Wikisana).<\/p>\n\n\n\n<div style=\"height:20px\" aria-hidden=\"true\" class=\"wp-block-spacer\"><\/div>\n\n\n\n<div class=\"wp-block-buttons is-layout-flex wp-block-buttons-is-layout-flex\">\n<div class=\"wp-block-button is-style-outline is-style-outline--1\"><a class=\"wp-block-button__link has-text-color wp-element-button\" href=\"mailto:info@marhythe-systems.de\" style=\"border-radius:50px;color:#778088\" target=\"_blank\" rel=\"noreferrer noopener\">Schreiben Sie uns eine E-Mail<\/a><\/div>\n<\/div>\n<\/div>\n\n\n\n<div class=\"wp-block-column is-layout-flow wp-block-column-is-layout-flow\">\n<figure class=\"wp-block-image size-full\"><img loading=\"lazy\" decoding=\"async\" width=\"650\" height=\"432\" src=\"https:\/\/marhythe-systems.de\/wp-content\/uploads\/Cover-Elearning-MaRhyThe-Basis-4x3-1.jpg\" alt=\"Dr. Randoll im E-Learning Kurs\" class=\"wp-image-2972\" srcset=\"https:\/\/marhythe-systems.de\/wp-content\/uploads\/Cover-Elearning-MaRhyThe-Basis-4x3-1.jpg 650w, https:\/\/marhythe-systems.de\/wp-content\/uploads\/Cover-Elearning-MaRhyThe-Basis-4x3-1-240x160.jpg 240w\" sizes=\"auto, (max-width: 650px) 100vw, 650px\" \/><\/figure>\n\n\n\n<h2 class=\"wp-block-heading has-medium-font-size\">E-Learning-Kurs: Grundlagen der Matrix-Rhythmus-Therapie<\/h2>\n\n\n\n<p class=\"has-small-font-size\">100 x Gutscheine f\u00fcr wikiSana Mitglieder <\/p>\n\n\n\n<div style=\"height:32px\" aria-hidden=\"true\" class=\"wp-block-spacer\"><\/div>\n\n\n\n<p class=\"has-medium-font-size\">Lernen Sie bequem von Zuhause aus. Im eigenen Tempo. Ihr Platz ist reserviert.<\/p>\n\n\n\n<p class=\"has-medium-font-size\">In diesem interaktiven Online-Kurs lernen Sie die biologischen Mechanismen, auf welchen die Matrix-Rhythmus-Therapie basiert.<\/p>\n\n\n\n<p class=\"has-medium-font-size\">Auf der Grundlage von prozessorientiertem Denken lernen Sie die Bedeutung der Rhythmen und hier insbesondere die Bedeutung der Muskelrhythmik. Sie erfahren, warum die Extrazellul\u00e4re Matrix (EZM) eine funktionierende Logistik braucht und warum wir die Rahmenbedingungen der Zelle optimieren m\u00fcssen, um keine makroskopisch sichtbaren Symptome zu bekommen. Die Skelettmuskulatur als Versorgungsorgan, die zentrale Bedeutung des Vagus bei Kontraktionsr\u00fcckst\u00e4nden und wie diese mit einer tiefenwirksamen Mikro-Extensions-Technik beeinflusst werden k\u00f6nnen, sind weitere Inhalte.<\/p>\n\n\n\n<p class=\"has-medium-font-size\">Mit dem Gutscheincode erhalten Sie den Kurs im Wert von 79,00 Euro inkl. MwSt. <strong>kostenfrei.*<\/strong><\/p>\n\n\n\n<p class=\"has-medium-font-size\">Buchen Sie den Kurs \u00fcber unseren Online-Shop und <strong>geben Sie Ihren Gutscheincode ein, den Sie von WikiSana erhalten werden<\/strong>!<\/p>\n\n\n\n<p class=\"has-medium-font-size\">*Der Gutscheincode ist g\u00fcltig, so lange das Kontingent nicht ersch\u00f6pft ist.<\/p>\n\n\n\n<div style=\"height:27px\" aria-hidden=\"true\" class=\"wp-block-spacer\"><\/div>\n\n\n\n<div class=\"wp-block-buttons is-layout-flex wp-block-buttons-is-layout-flex\">\n<div class=\"wp-block-button is-style-outline is-style-outline--2\"><a class=\"wp-block-button__link has-text-color wp-element-button\" href=\"https:\/\/shop.marhythe-systems.de\/produkt\/grundlagen-der-matrix-rhythmus-therapie\/\" style=\"border-radius:50px;color:#778088\" target=\"_blank\" rel=\"noreferrer noopener\">E-Learning buchen (mit Gutscheincode kostenfrei)<\/a><\/div>\n<\/div>\n\n\n\n<p><\/p>\n<\/div>\n\n\n\n<div class=\"wp-block-column is-layout-flow wp-block-column-is-layout-flow\">\n<figure class=\"wp-block-image size-full\"><img loading=\"lazy\" decoding=\"async\" width=\"2540\" height=\"1693\" src=\"https:\/\/marhythe-systems.de\/wp-content\/uploads\/MaRhyThe-Systems_TK_9349_human1.jpg\" alt=\"\" class=\"wp-image-3315\" srcset=\"https:\/\/marhythe-systems.de\/wp-content\/uploads\/MaRhyThe-Systems_TK_9349_human1.jpg 2540w, https:\/\/marhythe-systems.de\/wp-content\/uploads\/MaRhyThe-Systems_TK_9349_human1-240x160.jpg 240w, https:\/\/marhythe-systems.de\/wp-content\/uploads\/MaRhyThe-Systems_TK_9349_human1-1024x683.jpg 1024w, https:\/\/marhythe-systems.de\/wp-content\/uploads\/MaRhyThe-Systems_TK_9349_human1-768x512.jpg 768w, https:\/\/marhythe-systems.de\/wp-content\/uploads\/MaRhyThe-Systems_TK_9349_human1-1536x1024.jpg 1536w, https:\/\/marhythe-systems.de\/wp-content\/uploads\/MaRhyThe-Systems_TK_9349_human1-2048x1365.jpg 2048w\" sizes=\"auto, (max-width: 2540px) 100vw, 2540px\" \/><\/figure>\n\n\n\n<h2 class=\"wp-block-heading has-medium-font-size\">Praxis-Seminar 2025<\/h2>\n\n\n\n<p class=\"has-small-font-size\">25 x Gutscheine f\u00fcr wikiSana Mitglieder<\/p>\n\n\n\n<div style=\"height:32px\" aria-hidden=\"true\" class=\"wp-block-spacer\"><\/div>\n\n\n\n<p class=\"has-medium-font-size\">An diesem Tageskurs lernen Sie systematisch die Anwendung der Matrix-Rhythmus-Therapie bei unterschiedlichen Indikationen und kl\u00e4ren Ihre Fragen im pers\u00f6nlichen Austausch.<\/p>\n\n\n\n<p class=\"has-medium-font-size\">Die Kurse finden \u00fcber das ganze Jahr verteilt an unterschiedlichen Orten statt.<\/p>\n\n\n\n<p class=\"has-medium-font-size\"><a href=\"https:\/\/shop.marhythe-systems.de\/produkt\/praesenzseminar-anwendung-der-matrix-rhythmus-therapie\/\" target=\"_blank\" rel=\"noreferrer noopener\">Weitere Infos und Termine<\/a><\/p>\n\n\n\n<p class=\"has-medium-font-size\">Mit dem Gutscheincode erhalten Sie den Kurs im Wert von 297,50 Euro inkl. MwSt. <strong>kostenfrei.*<\/strong><\/p>\n\n\n\n<p class=\"has-medium-font-size\">Buchen Sie den Kurs \u00fcber unseren Online-Shop und <strong><strong>geben Sie Ihren Gutscheincode ein, den Sie von WikiSana erhalten werden<\/strong>!<\/strong><\/p>\n\n\n\n<p class=\"has-medium-font-size\">*Der Gutscheincode ist g\u00fcltig, so lange das Kontingent nicht ersch\u00f6pft ist.<\/p>\n\n\n\n<div style=\"height:27px\" aria-hidden=\"true\" class=\"wp-block-spacer\"><\/div>\n\n\n\n<div class=\"wp-block-buttons is-layout-flex wp-block-buttons-is-layout-flex\">\n<div class=\"wp-block-button is-style-outline is-style-outline--3\"><a class=\"wp-block-button__link has-text-color wp-element-button\" href=\"https:\/\/shop.marhythe-systems.de\/produkt\/praesenzseminar-anwendung-der-matrix-rhythmus-therapie\/\" style=\"border-radius:50px;color:#778088\" target=\"_blank\" rel=\"noreferrer noopener\">Praxis-Seminar buchen (mit Gutscheincode kostenfrei)<\/a><\/div>\n<\/div>\n<\/div>\n<\/div>\n\n\n\n<div style=\"height:31px\" aria-hidden=\"true\" class=\"wp-block-spacer\"><\/div>\n\n\n\n<p><\/p>\n<\/div><\/div>\n\n\n\n<hr class=\"wp-block-separator has-css-opacity\"\/>\n\n\n<\/div>\n\n\n\n<div style=\"height:60px\" aria-hidden=\"true\" class=\"wp-block-spacer\"><\/div>\n","protected":false},"excerpt":{"rendered":"","protected":false},"author":4,"featured_media":0,"parent":0,"menu_order":0,"comment_status":"closed","ping_status":"closed","template":"temp_landingpage.php","meta":{"footnotes":""},"class_list":["post-5412","page","type-page","status-publish","hentry"],"translation":{"provider":"WPGlobus","version":"3.0.2","language":"en","enabled_languages":["de","en"],"languages":{"de":{"title":true,"content":true,"excerpt":false},"en":{"title":false,"content":false,"excerpt":false}}},"_links":{"self":[{"href":"https:\/\/marhythe-systems.de\/en\/wp-json\/wp\/v2\/pages\/5412","targetHints":{"allow":["GET"]}}],"collection":[{"href":"https:\/\/marhythe-systems.de\/en\/wp-json\/wp\/v2\/pages"}],"about":[{"href":"https:\/\/marhythe-systems.de\/en\/wp-json\/wp\/v2\/types\/page"}],"author":[{"embeddable":true,"href":"https:\/\/marhythe-systems.de\/en\/wp-json\/wp\/v2\/users\/4"}],"replies":[{"embeddable":true,"href":"https:\/\/marhythe-systems.de\/en\/wp-json\/wp\/v2\/comments?post=5412"}],"version-history":[{"count":33,"href":"https:\/\/marhythe-systems.de\/en\/wp-json\/wp\/v2\/pages\/5412\/revisions"}],"predecessor-version":[{"id":5470,"href":"https:\/\/marhythe-systems.de\/en\/wp-json\/wp\/v2\/pages\/5412\/revisions\/5470"}],"wp:attachment":[{"href":"https:\/\/marhythe-systems.de\/en\/wp-json\/wp\/v2\/media?parent=5412"}],"curies":[{"name":"wp","href":"https:\/\/api.w.org\/{rel}","templated":true}]}}