{"id":4092,"date":"2022-12-12T14:53:11","date_gmt":"2022-12-12T13:53:11","guid":{"rendered":"https:\/\/marhythe-systems.de\/?page_id=4092"},"modified":"2022-12-13T09:24:23","modified_gmt":"2022-12-13T08:24:23","slug":"testbericht-matrixmobil","status":"publish","type":"page","link":"https:\/\/marhythe-systems.de\/en\/testbericht-matrixmobil\/","title":{"rendered":"Testbericht Matrixmobil &#8211; alpha synchronizer<strong>\u00ae<\/strong>"},"content":{"rendered":"\n<h2 class=\"wp-block-heading\">von Uta Krugmann, MaRhyThe Theapeutin seit 2010, Matrix Health Partner<\/h2>\n\n\n\n<div class=\"wp-block-media-text alignwide is-stacked-on-mobile\" style=\"grid-template-columns:23% auto\"><figure class=\"wp-block-media-text__media\"><img loading=\"lazy\" decoding=\"async\" width=\"263\" height=\"395\" src=\"https:\/\/marhythe-systems.de\/wp-content\/uploads\/Matrix-Health-Partner-Uta-Krugmann-Portrait-02.jpg\" alt=\"Uta Krugmann\" class=\"wp-image-3966 size-full\" srcset=\"https:\/\/marhythe-systems.de\/wp-content\/uploads\/Matrix-Health-Partner-Uta-Krugmann-Portrait-02.jpg 263w, https:\/\/marhythe-systems.de\/wp-content\/uploads\/Matrix-Health-Partner-Uta-Krugmann-Portrait-02-160x240.jpg 160w\" sizes=\"auto, (max-width: 263px) 100vw, 263px\" \/><\/figure><div class=\"wp-block-media-text__content\">\n<p class=\"has-text-align-left\">Seit gut 10 Jahren arbeite ich mit der Matrix-Rhythmus-Therapie und habe jetzt das neue kabellose Matrixmobil &#8211; alpha synchronizer im Alltag getestet. <\/p>\n\n\n\n<p class=\"has-text-align-left\">Mein Fazit: Das jetzt im wahrsten Sinne des Wortes \u201emobil\u201c stellt eine innovative Erweiterung der bisherigen Einsatzm\u00f6glichkeiten dar. <\/p>\n\n\n\n<p>Aber der Reihe nach.<\/p>\n\n\n\n<p>Ich habe das Angebot, einen 4-w\u00f6chigen Test des kabellosen Ger\u00e4tes durchzuf\u00fchren, gerne angenommen. Dieses, obwohl meinerseits kein Neukauf ansteht, da ich erst Anfang 2020 ein zweites Ger\u00e4t angeschafft habe. <\/p>\n<\/div><\/div>\n\n\n\n<p>Aber als bekennender Neugierologe hatte ich Fragen, die ich kl\u00e4ren wollte:<\/p>\n\n\n\n<p>1.&nbsp;&nbsp;&nbsp;&nbsp;&nbsp;&nbsp;&nbsp;&nbsp; Ist mir das neue Matrixmobil mit seinen circa 800 g zu schwer?<\/p>\n\n\n\n<p>2.&nbsp;&nbsp;&nbsp;&nbsp;&nbsp;&nbsp;&nbsp;&nbsp; Bringt das neue Modell Inhouse \u00fcberhaupt einen Mehrwert?<\/p>\n\n\n\n<p>3.&nbsp;&nbsp;&nbsp;&nbsp;&nbsp;&nbsp;&nbsp;&nbsp; Wie lange h\u00e4lt der Akku?<\/p>\n\n\n\n<h2 class=\"wp-block-heading\">Matrixmobil im Test &#8211; gleich zu Hause losgelegt<\/h2>\n\n\n\n<p>Am 9. September 2022 kam ein Paket in einem ungewohnten Format. Ich hatte einen Koffer erwartet, der wie der des Vorg\u00e4ngers einem gro\u00dfen Aktenkoffer \u00e4hnelt. Dieser \u00e4hnelt einer gro\u00dfen Aktentasche. Seine Ausf\u00fchrung und Stabilit\u00e4t machen auch wieder einen sehr wertigen Eindruck.<\/p>\n\n\n\n<figure class=\"wp-block-image size-large\"><img loading=\"lazy\" decoding=\"async\" width=\"1024\" height=\"683\" src=\"https:\/\/marhythe-systems.de\/wp-content\/uploads\/MaRhyThe-Systems_TK_9842_human-1024x683.jpg\" alt=\"Matrixmobil alpha synchronizer wird aus dem Koffer geholt\" class=\"wp-image-3319\" srcset=\"https:\/\/marhythe-systems.de\/wp-content\/uploads\/MaRhyThe-Systems_TK_9842_human-1024x683.jpg 1024w, https:\/\/marhythe-systems.de\/wp-content\/uploads\/MaRhyThe-Systems_TK_9842_human-240x160.jpg 240w, https:\/\/marhythe-systems.de\/wp-content\/uploads\/MaRhyThe-Systems_TK_9842_human-768x512.jpg 768w, https:\/\/marhythe-systems.de\/wp-content\/uploads\/MaRhyThe-Systems_TK_9842_human-1536x1024.jpg 1536w, https:\/\/marhythe-systems.de\/wp-content\/uploads\/MaRhyThe-Systems_TK_9842_human-2048x1365.jpg 2048w\" sizes=\"auto, (max-width: 1024px) 100vw, 1024px\" \/><figcaption class=\"wp-element-caption\"><em>Das Matrixmobil &#8211; alpha synchronizer in stabiler Verpackung<\/em><\/figcaption><\/figure>\n\n\n\n<p>Ich entnahm das Ger\u00e4t und legte gleich los. Es war aufgeladen und die Anwendung war selbsterkl\u00e4rend &#8211; auch f\u00fcr mich als Freund von Kippschaltern und Drehkn\u00f6pfen.<\/p>\n\n\n\n<p>Gebrauchsanleitungen lagen bei, aber ich habe die schlechte Angewohnheit, diese fr\u00fchestens dann zu lesen, wenn etwas nicht funktioniert.<\/p>\n\n\n\n<p>Den Abend \u00fcber haben meine Tochter und ich auf dem Sofa Selbstbehandlungen durchgef\u00fchrt. Dabei fiel uns schon der Vorteil auf, dass bei Positionswechsel auf kein Kabel zu achten war. Das Gewicht spielte bei unseren Spielereien keine Rolle. Ich war gespannt, wie das sein w\u00fcrde, wenn man eine ganze Behandlung durchf\u00fchrt.<\/p>\n\n\n\n<h2 class=\"wp-block-heading\">Das Matrixmobil &#8211; alpha synchronizer im Praxisalltag getestet<\/h2>\n\n\n\n<p>W\u00e4hrend der n\u00e4chsten zwei Wochen haben wir das Matrixmobil alpha synchronizer im Praxisalltag getestet. Insgesamt haben au\u00dfer mir noch zwei meiner KollegInnen mit dem kabellosen Ger\u00e4t gearbeitet. Wir mussten unser individuelles Handling, wie wir es uns \u00fcber die Jahre angew\u00f6hnt haben, ein wenig ver\u00e4ndern. Doch das ist uns nicht schwergefallen, sondern es hat sich von allein ergeben. Dabei war das Gewicht des Handteils zu unserer \u00dcberraschung kein Problem, es war nur anders.<\/p>\n\n\n\n<figure class=\"wp-block-image size-large\"><img loading=\"lazy\" decoding=\"async\" width=\"1024\" height=\"683\" src=\"https:\/\/marhythe-systems.de\/wp-content\/uploads\/MaRhyThe-Systems_TK_9818_human-1024x683.jpg\" alt=\"Matrixmobil in der Anwendung\" class=\"wp-image-3318\" srcset=\"https:\/\/marhythe-systems.de\/wp-content\/uploads\/MaRhyThe-Systems_TK_9818_human-1024x683.jpg 1024w, https:\/\/marhythe-systems.de\/wp-content\/uploads\/MaRhyThe-Systems_TK_9818_human-240x160.jpg 240w, https:\/\/marhythe-systems.de\/wp-content\/uploads\/MaRhyThe-Systems_TK_9818_human-768x512.jpg 768w, https:\/\/marhythe-systems.de\/wp-content\/uploads\/MaRhyThe-Systems_TK_9818_human-1536x1024.jpg 1536w, https:\/\/marhythe-systems.de\/wp-content\/uploads\/MaRhyThe-Systems_TK_9818_human-2048x1365.jpg 2048w\" sizes=\"auto, (max-width: 1024px) 100vw, 1024px\" \/><figcaption class=\"wp-element-caption\"><em>Mobile Anwendung in der Praxis<\/em><\/figcaption><\/figure>\n\n\n\n<p>Allerdings hat auch niemand von uns mehr als zwei Behandlungen hintereinander durchgef\u00fchrt.<\/p>\n\n\n\n<p>Nach f\u00fcnf Behandlungen habe ich vorsichtshalber den Akku aufgeladen. Er war ruckzuck wieder voll, was ich nicht erwartet habe. Die Ladung wird wirklich langsam verbraucht und mit etwas Disziplin des dran Denkens, d\u00fcrfte es fast unm\u00f6glich sein, ein leeres Ger\u00e4t dabei zu haben.<\/p>\n\n\n\n<h2 class=\"wp-block-heading\">Klare Vorteile bei mobilem Einsatz<\/h2>\n\n\n\n<p>Da ich das Matrixmobil nur ausgeborgt hatte, wollte ich es nicht mit zu den Pferden nehmen &#8211; alte Schule, die Achtung vor fremdem Eigentum. Dass es bei den Tierbehandlungen nicht zu toppen ist, war mir aber von vorneherein klar. Man kann in voller Unabh\u00e4ngigkeit von Stromanschl\u00fcssen arbeiten, z.B. auf Pferdekoppeln. Es ist auch ein gro\u00dfer Sicherheitsvorteil, sollte ein Tier trotz aller Entspannung durch ein \u00e4u\u00dferes Ereignis erschrecken, denn man kommt mit dem Ger\u00e4t schnell weg.<\/p>\n\n\n\n<p>Aber wenigstens unsere H\u00fcndin kam in den Genuss einer Behandlung. Da mich hier das Kabelgebundene nicht st\u00f6rt, sehe ich in meiner gr\u00f6\u00dferen Beweglichkeit um den Hund herum mit dem kleineren Matrixmobil alpha synchronizer einen minimalen Vorteil im Handling. Wenn jemand aber fremde Hunde behandelt und diese evtl. nicht in einer Praxis an einem festen Platz, sondern auch auf Hausbesuchen, ist auch hierbei das kabellose Matrixmobil absolut im Vorteil.<\/p>\n\n\n\n<h2 class=\"wp-block-heading\">Was bringt das Matrixmobil alpha synchronizer in der Praxis?<\/h2>\n\n\n\n<p>Bleibt noch Frage 2, ob das neue Ger\u00e4t Inhouse einen Vorteil in der Praxis bringt. Wir kommen bisher mit dem Matrixmobil Classic gut klar und haben unsere geregelten Abl\u00e4ufe vom Aufbau \u00fcber das Desinfizieren und den Abbau. Das ist auch keine verlorene Zeit, da der Patient zugegen ist und man schon miteinander spricht. Trotzdem gew\u00f6hnt man sich schnell an das einfachere Dabeihaben des Ger\u00e4tes. Und wer in seiner Praxis vorwiegend mit der MaRhyThe arbeitet, wird hier Punkte vergeben.<\/p>\n\n\n\n<figure class=\"wp-block-image size-large\"><img loading=\"lazy\" decoding=\"async\" width=\"1024\" height=\"680\" src=\"https:\/\/marhythe-systems.de\/wp-content\/uploads\/MaRhyThe-Systems-TK9863-human-1024x680.jpg\" alt=\"Lange Akkulaufzeit Matrixmobil\" class=\"wp-image-3322\" srcset=\"https:\/\/marhythe-systems.de\/wp-content\/uploads\/MaRhyThe-Systems-TK9863-human-1024x680.jpg 1024w, https:\/\/marhythe-systems.de\/wp-content\/uploads\/MaRhyThe-Systems-TK9863-human-240x159.jpg 240w, https:\/\/marhythe-systems.de\/wp-content\/uploads\/MaRhyThe-Systems-TK9863-human-768x510.jpg 768w, https:\/\/marhythe-systems.de\/wp-content\/uploads\/MaRhyThe-Systems-TK9863-human-1536x1020.jpg 1536w, https:\/\/marhythe-systems.de\/wp-content\/uploads\/MaRhyThe-Systems-TK9863-human-2048x1360.jpg 2048w\" sizes=\"auto, (max-width: 1024px) 100vw, 1024px\" \/><figcaption class=\"wp-element-caption\"><em>Der Akku wird bei etwas Achtsamkeit bestimmt f\u00fcr niemanden ein Problem<\/em><\/figcaption><\/figure>\n\n\n\n<p>Ich hatte nach drei Wochen das Ger\u00e4t ausf\u00fchrlich genug getestet, um es zur\u00fcck schicken zu k\u00f6nnen, damit es jemand anderes testen kann.<\/p>\n\n\n\n<ul class=\"wp-block-list\">\n<li>Meine KollegInnen und ich sind gut klar gekommen mit dem gr\u00f6\u00dferen Gewicht, da man, auch wenn man das leichtere Handteil gew\u00f6hnt ist, ganz schnell sein Handling anpassen kann. Da wir schon zwei Kabelgebundene Ger\u00e4te haben, kommt allerdings ein drittes aktuell nicht in Frage. Aufgrund unserer Art, die MaRhyThe einzusetzen, sehen wir Inhouse bei beiden Ger\u00e4ten ihre jeweiligen Anwendungsst\u00e4rken &#8211; jeweils ein Ger\u00e4t w\u00e4re f\u00fcr uns das Optimum.<\/li>\n\n\n\n<li>Der Akku wird bei etwas Achtsamkeit bestimmt f\u00fcr niemanden ein Problem.<\/li>\n\n\n\n<li>Im Au\u00dfendienst bei Mensch und Tier ist das kabellose Matrixmobil alpha synchronizer nicht zu toppen.<\/li>\n<\/ul>\n\n\n\n<h2 class=\"wp-block-heading\">Warum habe ich ein kleines Testprotokoll geschrieben? <\/h2>\n\n\n\n<p>Beide Modelle des Matrixmobils sind keine billige Anschaffung, aber beide sind meines Erachtens ihren Preis mehr (!) als wert. Ich hoffe, mit diesem unabh\u00e4ngigen Testbericht die eine oder andere Frage von Euch beantwortet zu haben, solltet Ihr vor einer Kaufentscheidung stehen.<\/p>\n\n\n\n<div style=\"height:34px\" aria-hidden=\"true\" class=\"wp-block-spacer\"><\/div>\n\n\n\n<p><\/p>\n\n\n<div class=\"box box-0 weiss icon-rot ohne-rahmen\">\n\n\n\n<h2 class=\"wp-block-heading\">\u00dcber die Autorin<\/h2>\n\n\n\n<figure class=\"wp-block-image size-large\"><img loading=\"lazy\" decoding=\"async\" width=\"1024\" height=\"683\" src=\"https:\/\/marhythe-systems.de\/wp-content\/uploads\/Uta-Krugmann-2048x1365-1-1024x683.jpg\" alt=\"\" class=\"wp-image-4110\" srcset=\"https:\/\/marhythe-systems.de\/wp-content\/uploads\/Uta-Krugmann-2048x1365-1-1024x683.jpg 1024w, https:\/\/marhythe-systems.de\/wp-content\/uploads\/Uta-Krugmann-2048x1365-1-240x160.jpg 240w, https:\/\/marhythe-systems.de\/wp-content\/uploads\/Uta-Krugmann-2048x1365-1-768x512.jpg 768w, https:\/\/marhythe-systems.de\/wp-content\/uploads\/Uta-Krugmann-2048x1365-1-1536x1024.jpg 1536w, https:\/\/marhythe-systems.de\/wp-content\/uploads\/Uta-Krugmann-2048x1365-1.jpg 2048w\" sizes=\"auto, (max-width: 1024px) 100vw, 1024px\" \/><\/figure>\n\n\n\n<p><a rel=\"noreferrer noopener\" href=\"https:\/\/www.matrix-health-partner.com\/uta-krugmann\/\" target=\"_blank\">Uta Krugmann<\/a> ist Physiotherapeutin und hat Motorische Neurorehabilitation (B.Sc) studiert. Sie ist seit 1985 in eigener Praxis t\u00e4tig, leitet ein gr\u00f6\u00dferes, ganzheitlich orientiertes Therapeutenteam in Eigeltingen. Dem <a rel=\"noreferrer noopener\" href=\"https:\/\/praxis-krugmann.de\/thema\/team\/\" target=\"_blank\">Physiotherapie-Team-Krugmann<\/a> mit seinen 10 Therapeuten sind noch eine Feldenkraisp\u00e4dagogin sowie ein Osteopath und Heilpraktiker angegliedert. Sie praktizieren und arbeiten zusammen in einer ehemaligen Scheune, einem \u00fcber 300 Jahre altem Fachwerkanwesen.<\/p>\n\n\n\n<p>Eine Besonderheit dieses Teams ist die vielseitige Spezialisierung der Therapeuten. Dazu die regelm\u00e4\u00dfige interne Weiterbildung, sowie der fortlaufende Erfahrungsaustausch zum Wohl der Patienten. Frau Krugmann selbst hat nach dem Staatsexamen als Physiotherapeutin zahlreiche Zusatzausbildungen und Weiterqualifizierungen absolviert. Bobath, Cyriax, Vojta\/ E-Technik, PNF, Hippotherapie, Osteopathie, Fascien Taping, Intendons\u00ae, und die Matrix- Rhythmus- Therapie seien hier stellvertretend genannt.<\/p>\n\n\n<\/div>\n\n\n\n<div class=\"wp-block-group\"><div class=\"wp-block-group__inner-container is-layout-constrained wp-block-group-is-layout-constrained\"><div class=\"box box-0 weiss icon-rot ohne-rahmen\">\n\n\n\n<h2 class=\"wp-block-heading\">Anmerkung der Redaktion<\/h2>\n\n\n\n<p><\/p>\n\n\n\n<p><em>Sind Sie Matrix Health Partner und wollen auch das neue kabellose Matrixmobil alpha synchronizer testen? Sprechen Sie uns an!<\/em><\/p>\n\n\n\n<p><a href=\"https:\/\/marhythe-systems.de\/matrixmobil-alpha-synchronizer\/\" target=\"_blank\" rel=\"noreferrer noopener\">Alle Infos zum Matrixmobil &#8211; alpha synchronizer<\/a><\/p>\n\n\n<\/div>\n<\/div><\/div>\n","protected":false},"excerpt":{"rendered":"<p>von Uta Krugmann, MaRhyThe Theapeutin seit 2010, Matrix Health Partner Seit gut 10 Jahren arbeite ich mit der Matrix-Rhythmus-Therapie und habe jetzt das neue kabellose Matrixmobil &#8211; alpha synchronizer im Alltag getestet. Mein Fazit: Das jetzt im wahrsten Sinne des Wortes \u201emobil\u201c stellt eine innovative Erweiterung der bisherigen Einsatzm\u00f6glichkeiten dar. Aber der Reihe nach. Ich [&hellip;]<\/p>\n","protected":false},"author":8,"featured_media":0,"parent":0,"menu_order":0,"comment_status":"closed","ping_status":"closed","template":"","meta":{"footnotes":""},"class_list":["post-4092","page","type-page","status-publish","hentry"],"translation":{"provider":"WPGlobus","version":"3.0.2","language":"en","enabled_languages":["de","en"],"languages":{"de":{"title":true,"content":true,"excerpt":false},"en":{"title":false,"content":false,"excerpt":false}}},"_links":{"self":[{"href":"https:\/\/marhythe-systems.de\/en\/wp-json\/wp\/v2\/pages\/4092","targetHints":{"allow":["GET"]}}],"collection":[{"href":"https:\/\/marhythe-systems.de\/en\/wp-json\/wp\/v2\/pages"}],"about":[{"href":"https:\/\/marhythe-systems.de\/en\/wp-json\/wp\/v2\/types\/page"}],"author":[{"embeddable":true,"href":"https:\/\/marhythe-systems.de\/en\/wp-json\/wp\/v2\/users\/8"}],"replies":[{"embeddable":true,"href":"https:\/\/marhythe-systems.de\/en\/wp-json\/wp\/v2\/comments?post=4092"}],"version-history":[{"count":32,"href":"https:\/\/marhythe-systems.de\/en\/wp-json\/wp\/v2\/pages\/4092\/revisions"}],"predecessor-version":[{"id":4138,"href":"https:\/\/marhythe-systems.de\/en\/wp-json\/wp\/v2\/pages\/4092\/revisions\/4138"}],"wp:attachment":[{"href":"https:\/\/marhythe-systems.de\/en\/wp-json\/wp\/v2\/media?parent=4092"}],"curies":[{"name":"wp","href":"https:\/\/api.w.org\/{rel}","templated":true}]}}