{"id":3387,"date":"2021-09-03T09:56:49","date_gmt":"2021-09-03T07:56:49","guid":{"rendered":"https:\/\/marhythe-systems.de\/?page_id=3387"},"modified":"2024-03-04T10:04:43","modified_gmt":"2024-03-04T09:04:43","slug":"matrixmobil-alpha-synchronizer-veterinaer","status":"publish","type":"page","link":"https:\/\/marhythe-systems.de\/en\/matrixmobil-alpha-synchronizer-veterinaer\/","title":{"rendered":"Matrixmobil &#8211; alpha synchronizer &#8211; VETERIN\u00c4R"},"content":{"rendered":"\n<div class=\"wp-block-cover alignwide has-custom-content-position is-position-top-right is-position-top-rigtht cover-akku\" style=\"min-height:600px;aspect-ratio:unset;\"><img loading=\"lazy\" decoding=\"async\" width=\"2540\" height=\"1693\" class=\"wp-block-cover__image-background wp-image-3324\" alt=\"\" src=\"https:\/\/marhythe-systems.de\/wp-content\/uploads\/MaRhyThe-Systems_TK_5308_veterinar.jpg\" style=\"object-position:68% 100%\" data-object-fit=\"cover\" data-object-position=\"68% 100%\" srcset=\"https:\/\/marhythe-systems.de\/wp-content\/uploads\/MaRhyThe-Systems_TK_5308_veterinar.jpg 2540w, https:\/\/marhythe-systems.de\/wp-content\/uploads\/MaRhyThe-Systems_TK_5308_veterinar-240x160.jpg 240w, https:\/\/marhythe-systems.de\/wp-content\/uploads\/MaRhyThe-Systems_TK_5308_veterinar-1024x683.jpg 1024w, https:\/\/marhythe-systems.de\/wp-content\/uploads\/MaRhyThe-Systems_TK_5308_veterinar-768x512.jpg 768w, https:\/\/marhythe-systems.de\/wp-content\/uploads\/MaRhyThe-Systems_TK_5308_veterinar-1536x1024.jpg 1536w, https:\/\/marhythe-systems.de\/wp-content\/uploads\/MaRhyThe-Systems_TK_5308_veterinar-2048x1365.jpg 2048w\" sizes=\"auto, (max-width: 2540px) 100vw, 2540px\" \/><div class=\"wp-block-cover__inner-container is-layout-flow wp-block-cover-is-layout-flow\">\n<p class=\"akku-img-logo\"><img loading=\"lazy\" decoding=\"async\" width=\"250\" height=\"260\" class=\"wp-image-3466\" style=\"width: 250px;\" src=\"https:\/\/marhythe-systems.de\/wp-content\/uploads\/MRT-Landingpage-Logo-Vet3.jpg\" alt=\"\" srcset=\"https:\/\/marhythe-systems.de\/wp-content\/uploads\/MRT-Landingpage-Logo-Vet3.jpg 2209w, https:\/\/marhythe-systems.de\/wp-content\/uploads\/MRT-Landingpage-Logo-Vet3-231x240.jpg 231w, https:\/\/marhythe-systems.de\/wp-content\/uploads\/MRT-Landingpage-Logo-Vet3-986x1024.jpg 986w, https:\/\/marhythe-systems.de\/wp-content\/uploads\/MRT-Landingpage-Logo-Vet3-768x798.jpg 768w, https:\/\/marhythe-systems.de\/wp-content\/uploads\/MRT-Landingpage-Logo-Vet3-1478x1536.jpg 1478w, https:\/\/marhythe-systems.de\/wp-content\/uploads\/MRT-Landingpage-Logo-Vet3-1971x2048.jpg 1971w\" sizes=\"auto, (max-width: 250px) 100vw, 250px\" \/><\/p>\n<\/div><\/div>\n\n\n\n<div style=\"height:15px\" aria-hidden=\"true\" class=\"wp-block-spacer\"><\/div>\n\n\n\n<div class=\"wp-block-group\"><div class=\"wp-block-group__inner-container is-layout-flow wp-block-group-is-layout-flow\">\n<p class=\"has-text-align-center has-huge-font-size\">Matrixmobil &#8211; alpha synchronizer\u00ae VETERIN\u00c4R<\/p>\n<\/div><\/div>\n\n\n\n<div class=\"wp-block-media-text alignwide is-stacked-on-mobile\"><figure class=\"wp-block-media-text__media\"><img loading=\"lazy\" decoding=\"async\" width=\"1024\" height=\"683\" src=\"https:\/\/marhythe-systems.de\/wp-content\/uploads\/MaRhyThe-Systems_TK_5592_veterinar1-1024x683.jpg\" alt=\"\" class=\"wp-image-3325 size-full\" srcset=\"https:\/\/marhythe-systems.de\/wp-content\/uploads\/MaRhyThe-Systems_TK_5592_veterinar1-1024x683.jpg 1024w, https:\/\/marhythe-systems.de\/wp-content\/uploads\/MaRhyThe-Systems_TK_5592_veterinar1-240x160.jpg 240w, https:\/\/marhythe-systems.de\/wp-content\/uploads\/MaRhyThe-Systems_TK_5592_veterinar1-768x512.jpg 768w, https:\/\/marhythe-systems.de\/wp-content\/uploads\/MaRhyThe-Systems_TK_5592_veterinar1-1536x1024.jpg 1536w, https:\/\/marhythe-systems.de\/wp-content\/uploads\/MaRhyThe-Systems_TK_5592_veterinar1-2048x1365.jpg 2048w\" sizes=\"auto, (max-width: 1024px) 100vw, 1024px\" \/><\/figure><div class=\"wp-block-media-text__content\">\n<p class=\"has-large-font-size\">Matrixmobil &#8211; alpha synchronizer\u00ae <\/p>\n\n\n\n<p class=\"has-medium-font-size\">Sie behandeln im physiologischen Frequenzbereich von 8 bis 12 Hertz. Die Intensit\u00e4t regeln Sie \u00fcber +\/- Kn\u00f6pfe. Gr\u00fcn leuchtende Leuchtdioden dienen Ihnen dabei zur Orientierung. <\/p>\n<\/div><\/div>\n\n\n\n<div class=\"wp-block-media-text alignwide has-media-on-the-right is-stacked-on-mobile\"><figure class=\"wp-block-media-text__media\"><img loading=\"lazy\" decoding=\"async\" width=\"1024\" height=\"744\" src=\"https:\/\/marhythe-systems.de\/wp-content\/uploads\/MaRhyThe-Systems_TK_5889a_veterinar-1024x744.jpg\" alt=\"\" class=\"wp-image-3327 size-full\" srcset=\"https:\/\/marhythe-systems.de\/wp-content\/uploads\/MaRhyThe-Systems_TK_5889a_veterinar-1024x744.jpg 1024w, https:\/\/marhythe-systems.de\/wp-content\/uploads\/MaRhyThe-Systems_TK_5889a_veterinar-240x174.jpg 240w, https:\/\/marhythe-systems.de\/wp-content\/uploads\/MaRhyThe-Systems_TK_5889a_veterinar-768x558.jpg 768w, https:\/\/marhythe-systems.de\/wp-content\/uploads\/MaRhyThe-Systems_TK_5889a_veterinar-1536x1116.jpg 1536w, https:\/\/marhythe-systems.de\/wp-content\/uploads\/MaRhyThe-Systems_TK_5889a_veterinar-2048x1488.jpg 2048w\" sizes=\"auto, (max-width: 1024px) 100vw, 1024px\" \/><\/figure><div class=\"wp-block-media-text__content\">\n<p class=\"has-large-font-size\">Frei von allen Kabeln<\/p>\n\n\n\n<p class=\"has-medium-font-size\">Sie haben maximale Freiheit in der Handhabung. Der Akku ist im Applikator integriert, so dass Sie g\u00e4nzlich frei von Kabeln arbeiten. <\/p>\n\n\n\n<p class=\"has-medium-font-size\">Kabellos im Freien, bei Sonne auf der Koppel oder auch im Stall bei Regen. Unabh\u00e4ngig von jeder Steckdose. <br><\/p>\n<\/div><\/div>\n\n\n\n<div class=\"wp-block-media-text alignwide is-stacked-on-mobile\"><figure class=\"wp-block-media-text__media\"><img loading=\"lazy\" decoding=\"async\" width=\"1024\" height=\"681\" src=\"https:\/\/marhythe-systems.de\/wp-content\/uploads\/MaRhyThe-Systems-TK5298-veterinar-1024x681.jpg\" alt=\"\" class=\"wp-image-3329 size-full\" srcset=\"https:\/\/marhythe-systems.de\/wp-content\/uploads\/MaRhyThe-Systems-TK5298-veterinar-1024x681.jpg 1024w, https:\/\/marhythe-systems.de\/wp-content\/uploads\/MaRhyThe-Systems-TK5298-veterinar-240x160.jpg 240w, https:\/\/marhythe-systems.de\/wp-content\/uploads\/MaRhyThe-Systems-TK5298-veterinar-768x511.jpg 768w, https:\/\/marhythe-systems.de\/wp-content\/uploads\/MaRhyThe-Systems-TK5298-veterinar-1536x1022.jpg 1536w, https:\/\/marhythe-systems.de\/wp-content\/uploads\/MaRhyThe-Systems-TK5298-veterinar-2048x1363.jpg 2048w\" sizes=\"auto, (max-width: 1024px) 100vw, 1024px\" \/><\/figure><div class=\"wp-block-media-text__content\">\n<p class=\"has-large-font-size\">Top Akku-Leistung<\/p>\n\n\n\n<p class=\"has-medium-font-size\">Bei h\u00f6chster Leistung hat der Akku eine Laufzeit von bis zu 7 Stunden.  Dank der starken Akku-Leistung k\u00f6nnen Sie die Intensit\u00e4t w\u00e4hrend der Behandlung  hervorragend regulieren.<\/p>\n<\/div><\/div>\n\n\n\n<div class=\"wp-block-media-text alignwide has-media-on-the-right is-stacked-on-mobile\"><figure class=\"wp-block-media-text__media\"><img loading=\"lazy\" decoding=\"async\" width=\"971\" height=\"1024\" src=\"https:\/\/marhythe-systems.de\/wp-content\/uploads\/MaRhyThe-Systems_TK_5169_veterinar-971x1024.jpg\" alt=\"\" class=\"wp-image-3323 size-full\" srcset=\"https:\/\/marhythe-systems.de\/wp-content\/uploads\/MaRhyThe-Systems_TK_5169_veterinar-971x1024.jpg 971w, https:\/\/marhythe-systems.de\/wp-content\/uploads\/MaRhyThe-Systems_TK_5169_veterinar-228x240.jpg 228w, https:\/\/marhythe-systems.de\/wp-content\/uploads\/MaRhyThe-Systems_TK_5169_veterinar-768x810.jpg 768w, https:\/\/marhythe-systems.de\/wp-content\/uploads\/MaRhyThe-Systems_TK_5169_veterinar-1456x1536.jpg 1456w, https:\/\/marhythe-systems.de\/wp-content\/uploads\/MaRhyThe-Systems_TK_5169_veterinar-1942x2048.jpg 1942w\" sizes=\"auto, (max-width: 971px) 100vw, 971px\" \/><\/figure><div class=\"wp-block-media-text__content\">\n<p class=\"has-large-font-size\">Behandle ich im richtigen Frequenz-Bereich?<\/p>\n\n\n\n<p class=\"has-medium-font-size\">Ja, auf jeden Fall! Die Leuchtdioden bieten Ihnen Orientierungshilfe und leuchten gr\u00fcn, wenn Sie im Bereich von 8-12 Hertz behandeln.<\/p>\n<\/div><\/div>\n\n\n\n<div class=\"wp-block-media-text alignwide is-stacked-on-mobile\"><figure class=\"wp-block-media-text__media\"><img loading=\"lazy\" decoding=\"async\" width=\"1024\" height=\"683\" src=\"https:\/\/marhythe-systems.de\/wp-content\/uploads\/MaRhyThe-Systems_TK_6016_veterinar-1024x683.jpg\" alt=\"\" class=\"wp-image-3328 size-full\" srcset=\"https:\/\/marhythe-systems.de\/wp-content\/uploads\/MaRhyThe-Systems_TK_6016_veterinar-1024x683.jpg 1024w, https:\/\/marhythe-systems.de\/wp-content\/uploads\/MaRhyThe-Systems_TK_6016_veterinar-240x160.jpg 240w, https:\/\/marhythe-systems.de\/wp-content\/uploads\/MaRhyThe-Systems_TK_6016_veterinar-768x512.jpg 768w, https:\/\/marhythe-systems.de\/wp-content\/uploads\/MaRhyThe-Systems_TK_6016_veterinar-1536x1024.jpg 1536w, https:\/\/marhythe-systems.de\/wp-content\/uploads\/MaRhyThe-Systems_TK_6016_veterinar-2048x1365.jpg 2048w\" sizes=\"auto, (max-width: 1024px) 100vw, 1024px\" \/><\/figure><div class=\"wp-block-media-text__content\">\n<p class=\"has-large-font-size\">G\u00fcrtel-Halterung  <\/p>\n\n\n\n<p class=\"has-medium-font-size\">Leichte und praktische Halterung im reduzierten Design. Bringen Sie die Halterung einfach an Ihrem G\u00fcrtel an. Das Material ist pflegeleicht und sehr leicht. Das Ger\u00e4t ist mit einem Griff verstaut und wieder in der Hand.<\/p>\n<\/div><\/div>\n\n\n\n<div class=\"wp-block-media-text alignwide has-media-on-the-right is-stacked-on-mobile\"><figure class=\"wp-block-media-text__media\"><img loading=\"lazy\" decoding=\"async\" width=\"1024\" height=\"775\" src=\"https:\/\/marhythe-systems.de\/wp-content\/uploads\/MaRhyThe-Systems_TK_5813_veterina\u0308r-1024x775.jpg\" alt=\"\" class=\"wp-image-3326 size-full\" srcset=\"https:\/\/marhythe-systems.de\/wp-content\/uploads\/MaRhyThe-Systems_TK_5813_veterina\u0308r-1024x775.jpg 1024w, https:\/\/marhythe-systems.de\/wp-content\/uploads\/MaRhyThe-Systems_TK_5813_veterina\u0308r-240x182.jpg 240w, https:\/\/marhythe-systems.de\/wp-content\/uploads\/MaRhyThe-Systems_TK_5813_veterina\u0308r-768x581.jpg 768w, https:\/\/marhythe-systems.de\/wp-content\/uploads\/MaRhyThe-Systems_TK_5813_veterina\u0308r-1536x1163.jpg 1536w, https:\/\/marhythe-systems.de\/wp-content\/uploads\/MaRhyThe-Systems_TK_5813_veterina\u0308r-2048x1551.jpg 2048w\" sizes=\"auto, (max-width: 1024px) 100vw, 1024px\" \/><\/figure><div class=\"wp-block-media-text__content\">\n<p class=\"has-large-font-size\">Aufbewahrung und Transport<\/p>\n\n\n\n<p class=\"has-medium-font-size\">Im robusten und eleganten Koffer aus Aluminium k\u00f6nnen Sie Ihr Ger\u00e4t bequem mitnehmen. Der Transportkoffer bietet auch Platz f\u00fcr das Ladeger\u00e4t sowie Zubeh\u00f6r. Mit dem mitgelieferten Transportgurt k\u00f6nnen Sie den Koffer auch \u00fcber der Schulter tragen.<\/p>\n<\/div><\/div>\n\n\n\n<div style=\"height:34px\" aria-hidden=\"true\" class=\"wp-block-spacer\"><\/div>\n\n\n\n<h2 class=\"has-text-align-center has-large-font-size has-text-color wp-block-heading\" style=\"color:#444444\">Das sagen Ihre Kollegen<\/h2>\n\n\n\n<p class=\"has-text-align-center has-large-font-size\">Die ersten Matrixmobil &#8211; alpha synchronizer\u00ae werden seit Dezember 2020 <br>von unserem Veterin\u00e4r-Bestandskunden t\u00e4glich verwendet.<\/p>\n\n\n\n<div class=\"wp-block-columns is-layout-flex wp-container-core-columns-is-layout-9d6595d7 wp-block-columns-is-layout-flex\">\n<div class=\"wp-block-column is-layout-flow wp-block-column-is-layout-flow\" style=\"flex-basis:12%\"><\/div>\n\n\n\n<div class=\"wp-block-column is-layout-flow wp-block-column-is-layout-flow\" style=\"flex-basis:76%\">\n<div class=\"wp-block-columns is-layout-flex wp-container-core-columns-is-layout-9d6595d7 wp-block-columns-is-layout-flex\">\n<div class=\"wp-block-column is-layout-flow wp-block-column-is-layout-flow\">\n<blockquote class=\"wp-block-quote is-style-large is-layout-flow wp-block-quote-is-layout-flow\"><p>Gro\u00dfe Bewegungs\u00adfreiheit aus jeder Position. <br>Die Handhabung ist sehr angenehm.<\/p><cite>Tierheilpraktikerin<\/cite><\/blockquote>\n<\/div>\n\n\n\n<div class=\"wp-block-column is-layout-flow wp-block-column-is-layout-flow\">\n<blockquote class=\"wp-block-quote has-text-align-left is-style-large is-layout-flow wp-block-quote-is-layout-flow\"><p>Erleichtert die Arbeit erheblich. Zumal wenn noch daneben manuelle T\u00e4tigkeiten, etwa Mobilisieren der Beine und des Kopfes notwendig sind.<\/p><cite>Pferde-Osteopathin<\/cite><\/blockquote>\n<\/div>\n\n\n\n<div class=\"wp-block-column is-layout-flow wp-block-column-is-layout-flow\">\n<blockquote class=\"wp-block-quote is-style-large is-layout-flow wp-block-quote-is-layout-flow\"><p>Einfach wirklich toll, dass ich nun unabh\u00e4ngig an jedem Ort arbeiten kann, wo ich will. Die Pferde m\u00f6gen es sehr. Ich bin absolut begeistert. Zu dem es l\u00e4uft sogar bei -10&nbsp;Grad einwandfrei und der Akku h\u00e4lt sehr lange. <\/p><cite>Pferde-Physiotherapeutin<\/cite><\/blockquote>\n<\/div>\n<\/div>\n\n\n\n<div class=\"wp-block-columns is-layout-flex wp-container-core-columns-is-layout-9d6595d7 wp-block-columns-is-layout-flex\">\n<div class=\"wp-block-column is-layout-flow wp-block-column-is-layout-flow\" style=\"flex-basis:100%\"><\/div>\n<\/div>\n<\/div>\n\n\n\n<div class=\"wp-block-column is-layout-flow wp-block-column-is-layout-flow\" style=\"flex-basis:12%\"><\/div>\n<\/div>\n\n\n\n<div class=\"wp-block-columns is-layout-flex wp-container-core-columns-is-layout-9d6595d7 wp-block-columns-is-layout-flex\">\n<div class=\"wp-block-column is-layout-flow wp-block-column-is-layout-flow\" style=\"flex-basis:100%\">\n<div class=\"wp-block-columns is-layout-flex wp-container-core-columns-is-layout-9d6595d7 wp-block-columns-is-layout-flex\">\n<div class=\"wp-block-column is-layout-flow wp-block-column-is-layout-flow\" style=\"flex-basis:100%\"><\/div>\n<\/div>\n<\/div>\n<\/div>\n\n\n\n<div class=\"wp-block-cover alignwide has-background-dim has-background-gradient is-position-center-center\" style=\"background:linear-gradient(216deg,rgb(238,238,238) 0%,rgb(169,184,195) 100%);min-height:575px;aspect-ratio:unset;\"><div class=\"wp-block-cover__inner-container is-layout-flow wp-block-cover-is-layout-flow\">\n<div class=\"wp-block-columns alignwide is-layout-flex wp-container-core-columns-is-layout-9d6595d7 wp-block-columns-is-layout-flex\">\n<div class=\"wp-block-column is-layout-flow wp-block-column-is-layout-flow\" style=\"flex-basis:12%\">\n<div style=\"height:100px\" aria-hidden=\"true\" class=\"wp-block-spacer\"><\/div>\n<\/div>\n\n\n\n<div class=\"wp-block-column is-layout-flow wp-block-column-is-layout-flow\">\n<div style=\"height:100px\" aria-hidden=\"true\" class=\"wp-block-spacer\"><\/div>\n\n\n\n<p class=\"has-text-align-left has-text-color has-huge-font-size\" style=\"color:#fffffa;line-height:1.2\"><\/p>\n\n\n\n<p class=\"has-text-align-left has-text-color\" style=\"color:#fffffa;font-size:68px;line-height:1.2\"><strong><strong>Bestellen Sie \u00fcber unseren Online-Shop<\/strong> <\/strong><\/p>\n\n\n\n<div class=\"wp-block-buttons is-layout-flex wp-block-buttons-is-layout-flex\">\n<div class=\"wp-block-button\"><a class=\"wp-block-button__link has-text-color has-background\" href=\"https:\/\/shop.marhythe-systems.de\/produkt\/matrixmobil-alpha-synchronizer-veterinaer\/\" style=\"border-radius:3px;background-color:#fffffa;color:#00000a\" target=\"_blank\" rel=\"noreferrer noopener\">Jetzt bestellen<\/a><\/div>\n<\/div>\n\n\n\n<p>Die Bestellungen werden nach Eingangsdatum der Reihe nach bearbeitet. Solange der Vorrat reicht.<\/p>\n<\/div>\n\n\n\n<div class=\"wp-block-column is-layout-flow wp-block-column-is-layout-flow\" style=\"flex-basis:12%\">\n<div style=\"height:100px\" aria-hidden=\"true\" class=\"wp-block-spacer\"><\/div>\n<\/div>\n<\/div>\n<\/div><\/div>\n\n\n\n<div style=\"height:60px\" aria-hidden=\"true\" class=\"wp-block-spacer\"><\/div>\n\n\n<div class=\"pagewidth\" style=\"max-width: 1200px;\">\n\n\n\n<div class=\"wp-block-group alignwide\"><div class=\"wp-block-group__inner-container is-layout-flow wp-block-group-is-layout-flow\">\n<p class=\"has-text-align-center has-white-color has-cyan-bluish-gray-background-color has-text-color has-background has-medium-font-size\">Zahlung und Lieferung<\/p>\n\n\n\n<div class=\"wp-block-columns is-layout-flex wp-container-core-columns-is-layout-9d6595d7 wp-block-columns-is-layout-flex\">\n<div class=\"wp-block-column is-layout-flow wp-block-column-is-layout-flow\">\n<h4 class=\"wp-block-heading\">Lieferumfang<\/h4>\n\n\n\n<ul class=\"wp-block-list\"><li>Applikator mit integriertem Akku<\/li><li>Standardm\u00e4\u00dfig Resonator mit Magneten<\/li><li>Ladeger\u00e4t<\/li><li>Praktische G\u00fcrtel-Halterung<\/li><li>Leichter Aluminium Transportportkoffer inklusive Tragegurt<\/li><\/ul>\n<\/div>\n\n\n\n<div class=\"wp-block-column is-layout-flow wp-block-column-is-layout-flow\">\n<h4 class=\"wp-block-heading\">Lieferzeit<\/h4>\n\n\n\n<ul class=\"wp-block-list\"><li>Die Lieferzeit betr\u00e4gt 1-3 Tage<\/li><li>Lieferung erfolgt nach der chronologischen Reihenfolge der Bestellungen<\/li><\/ul>\n\n\n\n<h4 class=\"wp-block-heading\">Zahlungsmodalit\u00e4ten<\/h4>\n\n\n\n<ul class=\"wp-block-list\"><li>W\u00e4hlen Sie Vorauskasse und erhalten Sie noch 3% Skonto<\/li><li>Sie k\u00f6nnen auch per Rechnung bezahlen<\/li><\/ul>\n<\/div>\n<\/div>\n\n\n\n<div class=\"wp-block-buttons is-content-justification-center is-layout-flex wp-block-buttons-is-layout-flex\">\n<div class=\"wp-block-button is-style-outline is-style-outline--1\"><a class=\"wp-block-button__link has-vivid-red-color has-text-color\" href=\"https:\/\/shop.marhythe-systems.de\/produkt\/matrixmobil-alpha-synchronizer-veterinaer\/\" target=\"_blank\" rel=\"noreferrer noopener\">Zum Shop &#8211; Sichern Sie sich gleich Ihr kabelloses Ger\u00e4t<\/a><\/div>\n<\/div>\n\n\n\n<div style=\"height:100px\" aria-hidden=\"true\" class=\"wp-block-spacer\"><\/div>\n\n\n\n<p class=\"has-text-align-center has-white-color has-cyan-bluish-gray-background-color has-text-color has-background has-medium-font-size\">Technische Daten<\/p>\n\n\n\n<figure class=\"wp-block-table is-style-stripes\"><table><tbody><tr><td><strong>Bezeichnung<\/strong><\/td><td>Matrixmobil &#8211; alpha synchronizer\u00ae VETERIN\u00c4R<\/td><\/tr><tr><td><strong>Ma\u00dfe \/ Gewicht <\/strong><\/td><td>L\u00e4nge: 290mm, Durchmesser: 50mm <br>Gewicht: 753g<\/td><\/tr><tr><td><strong>Akku<\/strong><\/td><td>Mit integriertem Akku. <br>ca. 7 Stunden Akkulaufzeit<\/td><\/tr><tr><td><strong>Leistung<\/strong><\/td><td>Nominal voltage: 14,4 VDC<br>Max. current: 1,6 A<\/td><\/tr><tr><td><strong>Ladeger\u00e4t<\/strong><\/td><td>Anschlussleitung: 100-240 VAC, 50-60 Hz, max. 0,7 A<\/td><\/tr><tr><td><strong>Besonderer Hinweis<\/strong><\/td><td>Dieses Produkt ist KEIN Medizinprodukt. Es ist nur f\u00fcr die Anwendung bei Tieren bestimmt.<\/td><\/tr><\/tbody><\/table><\/figure>\n\n\n\n<div style=\"height:100px\" aria-hidden=\"true\" class=\"wp-block-spacer\"><\/div>\n<\/div><\/div>\n\n\n\n<hr class=\"wp-block-separator\"\/>\n\n\n<\/div>\n","protected":false},"excerpt":{"rendered":"<p>Matrixmobil &#8211; alpha synchronizer\u00ae VETERIN\u00c4R Matrixmobil &#8211; alpha synchronizer\u00ae Sie behandeln im physiologischen Frequenzbereich von 8 bis 12 Hertz. Die Intensit\u00e4t regeln Sie \u00fcber +\/- Kn\u00f6pfe. Gr\u00fcn leuchtende Leuchtdioden dienen Ihnen dabei zur Orientierung. Frei von allen Kabeln Sie haben maximale Freiheit in der Handhabung. Der Akku ist im Applikator integriert, so dass Sie g\u00e4nzlich [&hellip;]<\/p>\n","protected":false},"author":8,"featured_media":0,"parent":0,"menu_order":0,"comment_status":"closed","ping_status":"closed","template":"temp_landingpage.php","meta":{"footnotes":""},"class_list":["post-3387","page","type-page","status-publish","hentry"],"translation":{"provider":"WPGlobus","version":"3.0.2","language":"en","enabled_languages":["de","en"],"languages":{"de":{"title":true,"content":true,"excerpt":false},"en":{"title":false,"content":false,"excerpt":false}}},"_links":{"self":[{"href":"https:\/\/marhythe-systems.de\/en\/wp-json\/wp\/v2\/pages\/3387","targetHints":{"allow":["GET"]}}],"collection":[{"href":"https:\/\/marhythe-systems.de\/en\/wp-json\/wp\/v2\/pages"}],"about":[{"href":"https:\/\/marhythe-systems.de\/en\/wp-json\/wp\/v2\/types\/page"}],"author":[{"embeddable":true,"href":"https:\/\/marhythe-systems.de\/en\/wp-json\/wp\/v2\/users\/8"}],"replies":[{"embeddable":true,"href":"https:\/\/marhythe-systems.de\/en\/wp-json\/wp\/v2\/comments?post=3387"}],"version-history":[{"count":48,"href":"https:\/\/marhythe-systems.de\/en\/wp-json\/wp\/v2\/pages\/3387\/revisions"}],"predecessor-version":[{"id":3662,"href":"https:\/\/marhythe-systems.de\/en\/wp-json\/wp\/v2\/pages\/3387\/revisions\/3662"}],"wp:attachment":[{"href":"https:\/\/marhythe-systems.de\/en\/wp-json\/wp\/v2\/media?parent=3387"}],"curies":[{"name":"wp","href":"https:\/\/api.w.org\/{rel}","templated":true}]}}