{"id":3085,"date":"2021-03-17T14:11:52","date_gmt":"2021-03-17T13:11:52","guid":{"rendered":"https:\/\/marhythe-systems.de\/?page_id=3085"},"modified":"2021-03-17T14:11:53","modified_gmt":"2021-03-17T13:11:53","slug":"das-sagen-seminar-teilnehmer","status":"publish","type":"page","link":"https:\/\/marhythe-systems.de\/en\/das-sagen-seminar-teilnehmer\/","title":{"rendered":"Das sagen Seminar-Teilnehmer"},"content":{"rendered":"<div class=\"box box-0 weiss icon-gruen ohne-rahmen\">\n\n\n\n<div style=\"height:100px\" aria-hidden=\"true\" class=\"wp-block-spacer\"><\/div>\n\n\n<div id=\"Slideshow\" class=\"testimonial\"><div class=\"cycle-slideshow\" data-cycle-fx=\"scrollHorz\" data-cycle-timeout=\"5000\" data-cycle-speed=\"600\" data-cycle-delay=\"-500\" data-cycle-pause-on-hover=\"true\" data-cycle-next=\"#Slideshow .cycle-next\" data-cycle-prev=\"#Slideshow .cycle-prev\" data-pager=\"#Slideshow .cycle-pager\" data-cycle-pager-template=\"<a href=#><\/a>\" data-cycle-slides=\"&gt; div\">\n\n\n<div>\n\n\n\n<p>Sehr guter \u00dcberblick, gut strukturiert, eine eindr\u00fcckliche Zusammenstellung jahrzehntelanger Erfahrung und Erkenntnissen. Man k\u00f6nnte stundenlang zuh\u00f6ren. Ermutigend, horizonterweiternd und hoffnungsvoll.<br>Vielen Dank!<\/p>\n\n\n\n<p><em>M. D., Ergotherapeutin<br>Mai 2020<\/em><\/p>\n\n\n<\/div>\n\n\n<div>\n\n\n\n<p>Fachlich und inhaltlich ein richtig tolles Webinar! Vielen Dank.<\/p>\n\n\n\n<p><em>O. H., Heilpraktikerin<br>Mai 2020<\/em><\/p>\n\n\n<\/div>\n\n\n<div>\n\n\n\n<p>Sehr gut, sehr klar, logisch nachvollziehbar und sehr eindrucksvolle Beispiele! Marhythe ist definitiv einer der wichtigsten Pfeiler der systemischen Medizin. Dies und richtige Ern\u00e4hrung \/ Bewegung \/ Stressmanagement = Gesundheit.<\/p>\n\n\n\n<p><em>R. E., Gesundheitsjournalist<br>Mai 2020<\/em><\/p>\n\n\n<\/div>\n\n\n<div>\n\n\n\n<p>Sehr interessant, f\u00fcr mich als Physiotherapeut war es wieder ein neuer Ansatz um die Behandlung meiner Patienten zu optimieren.<\/p>\n\n\n\n<p><em>F. R., Physiotherapeutin<br>April 2020<\/em><\/p>\n\n\n<\/div>\n\n\n<div>\n\n\n\n<p>Extrem informativ und kurzweilig und anschaulich &#8211; ich bin begeistert!<\/p>\n\n\n\n<p><em>K. S., Physiotherapeutin<br>April 2020<\/em><\/p>\n\n\n<\/div>\n\n\n<\/div><div class=\"cycle-pager\"><\/div><a class=\"cycle-prev\" href=\"#\">&lt;<\/a><a class=\"cycle-next\" href=\"#\">&gt;<\/a><\/div><!-- \/#Slideshow -->\n\n\n\n\n<div style=\"height:100px\" aria-hidden=\"true\" class=\"wp-block-spacer\"><\/div>\n\n\n<\/div>\n","protected":false},"excerpt":{"rendered":"","protected":false},"author":8,"featured_media":117,"parent":0,"menu_order":0,"comment_status":"closed","ping_status":"closed","template":"","meta":{"footnotes":""},"class_list":["post-3085","page","type-page","status-publish","has-post-thumbnail","hentry"],"translation":{"provider":"WPGlobus","version":"3.0.2","language":"en","enabled_languages":["de","en"],"languages":{"de":{"title":true,"content":true,"excerpt":false},"en":{"title":false,"content":false,"excerpt":false}}},"_links":{"self":[{"href":"https:\/\/marhythe-systems.de\/en\/wp-json\/wp\/v2\/pages\/3085","targetHints":{"allow":["GET"]}}],"collection":[{"href":"https:\/\/marhythe-systems.de\/en\/wp-json\/wp\/v2\/pages"}],"about":[{"href":"https:\/\/marhythe-systems.de\/en\/wp-json\/wp\/v2\/types\/page"}],"author":[{"embeddable":true,"href":"https:\/\/marhythe-systems.de\/en\/wp-json\/wp\/v2\/users\/8"}],"replies":[{"embeddable":true,"href":"https:\/\/marhythe-systems.de\/en\/wp-json\/wp\/v2\/comments?post=3085"}],"version-history":[{"count":4,"href":"https:\/\/marhythe-systems.de\/en\/wp-json\/wp\/v2\/pages\/3085\/revisions"}],"predecessor-version":[{"id":3089,"href":"https:\/\/marhythe-systems.de\/en\/wp-json\/wp\/v2\/pages\/3085\/revisions\/3089"}],"wp:featuredmedia":[{"embeddable":true,"href":"https:\/\/marhythe-systems.de\/en\/wp-json\/wp\/v2\/media\/117"}],"wp:attachment":[{"href":"https:\/\/marhythe-systems.de\/en\/wp-json\/wp\/v2\/media?parent=3085"}],"curies":[{"name":"wp","href":"https:\/\/api.w.org\/{rel}","templated":true}]}}