{"id":2313,"date":"2020-05-12T22:08:21","date_gmt":"2020-05-12T20:08:21","guid":{"rendered":"https:\/\/marhythe-systems.de\/?page_id=2313"},"modified":"2026-02-24T11:36:52","modified_gmt":"2026-02-24T10:36:52","slug":"aktuelle-links-2","status":"publish","type":"page","link":"https:\/\/marhythe-systems.de\/en\/aktuelle-links-2\/","title":{"rendered":"Linktree"},"content":{"rendered":"\n<p><a class=\"btn\" href=\"https:\/\/www.edudip.com\/de\/webinar\/einfuhrung-in-die-matrix-rhythmus-therapie-marhythe\/237550\">Infos und Anmeldung Live-Webinar mit Dr. Randoll<\/a><\/p>\n\n\n\n<p><a class=\"btn\" href=\"https:\/\/magazin.matrix-health-partner.com\">Aktueller Beitrag &#8211; Magazin zur Matrix Rhythmus Therapie<\/a><\/p>\n\n\n\n<p><a class=\"btn\" href=\"https:\/\/marhythe-systems.de\/einfuehrungsseminare\/humanseminar\/\">Seminare &#8211; Humanmedizin<\/a><\/p>\n\n\n\n<p><a class=\"btn\" href=\"https:\/\/marhythe-systems.de\/einfuehrungsseminare\/humanseminar\/\">Seminare &#8211; Veterin\u00e4rmedizin<\/a><\/p>\n\n\n\n<p><a class=\"btn\" href=\"https:\/\/www.matrix-health-partner.com\/therapeutensuche\/\">Matrix Health Partner in Ihrer N\u00e4he<\/a><\/p>\n\n\n\n<p><a class=\"btn\" href=\"https:\/\/marhythe-systems.de\/wo-finde-ich-einen-therapeuten\/therapeuten-fuer-pferd-und-kleintier\/\">Hier finden Sie Therapeuten f\u00fcr Ihre Vierbeiner<\/a><\/p>\n\n\n\n<p><a class=\"btn\" href=\"https:\/\/www.matrix-health-partner.com\/netzwerk\/\">Mehr \u00fcber das Netzwerk Matrix Health Partner<\/a><\/p>\n\n\n\n<p><a class=\"btn\" href=\"https:\/\/www.dr-randoll-institut.de\/\">Aktuelles vom Dr. Randoll Institut<\/a><\/p>\n\n\n\n<p><a class=\"btn\" href=\"https:\/\/marhythe-systems.de\/en\/newsletter\/\">Newsletter (EN)<\/a><\/p>\n","protected":false},"excerpt":{"rendered":"<p>Infos und Anmeldung Live-Webinar mit Dr. Randoll Aktueller Beitrag &#8211; Magazin zur Matrix Rhythmus Therapie Seminare &#8211; Humanmedizin Seminare &#8211; Veterin\u00e4rmedizin Matrix Health Partner in Ihrer N\u00e4he Hier finden Sie Therapeuten f\u00fcr Ihre Vierbeiner Mehr \u00fcber das Netzwerk Matrix Health Partner Aktuelles vom Dr. Randoll Institut Newsletter (EN)<\/p>\n","protected":false},"author":8,"featured_media":0,"parent":0,"menu_order":0,"comment_status":"closed","ping_status":"closed","template":"","meta":{"footnotes":""},"class_list":["post-2313","page","type-page","status-publish","hentry"],"translation":{"provider":"WPGlobus","version":"3.0.2","language":"en","enabled_languages":["de","en"],"languages":{"de":{"title":true,"content":true,"excerpt":false},"en":{"title":true,"content":true,"excerpt":false}}},"_links":{"self":[{"href":"https:\/\/marhythe-systems.de\/en\/wp-json\/wp\/v2\/pages\/2313","targetHints":{"allow":["GET"]}}],"collection":[{"href":"https:\/\/marhythe-systems.de\/en\/wp-json\/wp\/v2\/pages"}],"about":[{"href":"https:\/\/marhythe-systems.de\/en\/wp-json\/wp\/v2\/types\/page"}],"author":[{"embeddable":true,"href":"https:\/\/marhythe-systems.de\/en\/wp-json\/wp\/v2\/users\/8"}],"replies":[{"embeddable":true,"href":"https:\/\/marhythe-systems.de\/en\/wp-json\/wp\/v2\/comments?post=2313"}],"version-history":[{"count":18,"href":"https:\/\/marhythe-systems.de\/en\/wp-json\/wp\/v2\/pages\/2313\/revisions"}],"predecessor-version":[{"id":5659,"href":"https:\/\/marhythe-systems.de\/en\/wp-json\/wp\/v2\/pages\/2313\/revisions\/5659"}],"wp:attachment":[{"href":"https:\/\/marhythe-systems.de\/en\/wp-json\/wp\/v2\/media?parent=2313"}],"curies":[{"name":"wp","href":"https:\/\/api.w.org\/{rel}","templated":true}]}}