{"id":1068,"date":"2017-04-12T14:06:32","date_gmt":"2017-04-12T12:06:32","guid":{"rendered":"https:\/\/marhythe-systems.de\/?page_id=1068"},"modified":"2023-03-24T15:03:43","modified_gmt":"2023-03-24T14:03:43","slug":"logo-zum-download","status":"publish","type":"page","link":"https:\/\/marhythe-systems.de\/en\/logo-zum-download\/","title":{"rendered":"Logo zum Download"},"content":{"rendered":"<h2>Logo MaRhyThe<sup>\u00ae<\/sup><\/h2>\n<p><img loading=\"lazy\" decoding=\"async\" class=\"size-medium wp-image-614 alignright\" src=\"https:\/\/marhythe-systems.de\/wp-content\/uploads\/MaRhyThe-Logos-Vorschau-240x156.png\" sizes=\"auto, (max-width: 240px) 100vw, 240px\" srcset=\"https:\/\/marhythe-systems.de\/wp-content\/uploads\/MaRhyThe-Logos-Vorschau-240x156.png 240w, https:\/\/marhythe-systems.de\/wp-content\/uploads\/MaRhyThe-Logos-Vorschau.png 263w\" alt=\"MaRhyThe-Logos-Vorschau\" width=\"240\" height=\"156\" \/><\/p>\n<p>Das MaRhyThe Logo gibt es in einer normalen und einer kompakten Version sowohl f\u00fcr Print-, Internet- und Office-Anwendungen. Sie finden die Versionen jeweils zusammengefasst f\u00fcr die entsprechende Anwendung in einem ZIP-Archiv. Die physikalische Gr\u00f6\u00dfe darf aus Qualit\u00e4tsgr\u00fcnden nicht \u00fcberschritten werden.<\/p>\n<p><a href=\"https:\/\/marhythe-systems.de\/wp-content\/uploads\/MaRhyThe-Logo-web.zip\" target=\"_blank\" rel=\"noopener\">Download MaRhyThe Logo f\u00fcr Web<\/a><\/p>\n<p><a href=\"https:\/\/marhythe-systems.de\/wp-content\/uploads\/MaRhyThe-Logo-print.zip\" target=\"_blank\" rel=\"noopener\">Downlaod MaRhyThe Logo f\u00fcr Print<\/a><\/p>\n","protected":false},"excerpt":{"rendered":"<p>Logo MaRhyThe\u00ae Das MaRhyThe Logo gibt es in einer normalen und einer kompakten Version sowohl f\u00fcr Print-, Internet- und Office-Anwendungen. Sie finden die Versionen jeweils zusammengefasst f\u00fcr die entsprechende Anwendung in einem ZIP-Archiv. Die physikalische Gr\u00f6\u00dfe darf aus Qualit\u00e4tsgr\u00fcnden nicht \u00fcberschritten werden. Download MaRhyThe Logo f\u00fcr Web Downlaod MaRhyThe Logo f\u00fcr Print<\/p>\n","protected":false},"author":8,"featured_media":0,"parent":0,"menu_order":0,"comment_status":"closed","ping_status":"closed","template":"","meta":{"footnotes":""},"class_list":["post-1068","page","type-page","status-publish","hentry"],"translation":{"provider":"WPGlobus","version":"3.0.2","language":"en","enabled_languages":["de","en"],"languages":{"de":{"title":true,"content":true,"excerpt":false},"en":{"title":true,"content":false,"excerpt":false}}},"_links":{"self":[{"href":"https:\/\/marhythe-systems.de\/en\/wp-json\/wp\/v2\/pages\/1068","targetHints":{"allow":["GET"]}}],"collection":[{"href":"https:\/\/marhythe-systems.de\/en\/wp-json\/wp\/v2\/pages"}],"about":[{"href":"https:\/\/marhythe-systems.de\/en\/wp-json\/wp\/v2\/types\/page"}],"author":[{"embeddable":true,"href":"https:\/\/marhythe-systems.de\/en\/wp-json\/wp\/v2\/users\/8"}],"replies":[{"embeddable":true,"href":"https:\/\/marhythe-systems.de\/en\/wp-json\/wp\/v2\/comments?post=1068"}],"version-history":[{"count":2,"href":"https:\/\/marhythe-systems.de\/en\/wp-json\/wp\/v2\/pages\/1068\/revisions"}],"predecessor-version":[{"id":4260,"href":"https:\/\/marhythe-systems.de\/en\/wp-json\/wp\/v2\/pages\/1068\/revisions\/4260"}],"wp:attachment":[{"href":"https:\/\/marhythe-systems.de\/en\/wp-json\/wp\/v2\/media?parent=1068"}],"curies":[{"name":"wp","href":"https:\/\/api.w.org\/{rel}","templated":true}]}}